{"id":71,"date":"2024-10-16T12:26:22","date_gmt":"2024-10-16T10:26:22","guid":{"rendered":"https:\/\/thecuc.carnet.hr\/2024\/?page_id=71"},"modified":"2025-11-03T15:38:30","modified_gmt":"2025-11-03T14:38:30","slug":"lokacija-i-smjestaj","status":"publish","type":"page","link":"https:\/\/thecuc.carnet.hr\/2025\/lokacija-i-smjestaj\/","title":{"rendered":"Lokacija i smje\u0161taj"},"content":{"rendered":"\n<div class=\"wp-block-group alignfull has-accent-background-color has-background has-global-padding is-layout-constrained wp-container-core-group-is-layout-669513ed wp-block-group-is-layout-constrained\" style=\"margin-top:0;margin-bottom:0;padding-top:var(--wp--preset--spacing--50);padding-right:var(--wp--preset--spacing--50);padding-bottom:var(--wp--preset--spacing--50);padding-left:var(--wp--preset--spacing--50)\">\n<div class=\"wp-block-columns alignwide is-layout-flex wp-container-core-columns-is-layout-1da03c2a wp-block-columns-is-layout-flex\">\n<div class=\"wp-block-column is-vertically-aligned-stretch is-layout-flow wp-block-column-is-layout-flow\" style=\"flex-basis:50%\">\n<div class=\"wp-block-group is-vertical is-content-justification-stretch is-layout-flex wp-container-core-group-is-layout-444d5ee8 wp-block-group-is-layout-flex\" style=\"min-height:100%\">\n<p class=\"has-base-color has-text-color has-link-color has-heading-font-family has-x-large-font-size wp-elements-6862e0614aef3c18ee12df86ae291032\" style=\"line-height:1.2\">Jedinstven izgled i arhitektura koji izvana bude znati\u017eelju, a iznutra inspiraciju. \u017delimo da i vi to iskusite i osjetite nakon boravka u hotelu Lone.<\/p>\n<\/div>\n<\/div>\n\n\n\n<div class=\"wp-block-column is-vertically-aligned-center is-layout-flow wp-block-column-is-layout-flow\" style=\"flex-basis:60%\">\n<figure class=\"wp-block-image size-large is-resized is-style-rounded is-style-rounded--1\"><img loading=\"lazy\" decoding=\"async\" width=\"1024\" height=\"683\" src=\"https:\/\/thecuc.carnet.hr\/2025\/wp-content\/uploads\/2025\/11\/M15_012_00001_hkbpom-1-1024x683.jpg\" alt=\"\" class=\"wp-image-308\" style=\"width:511px;height:auto\" srcset=\"https:\/\/thecuc.carnet.hr\/2025\/wp-content\/uploads\/2025\/11\/M15_012_00001_hkbpom-1-1024x683.jpg 1024w, https:\/\/thecuc.carnet.hr\/2025\/wp-content\/uploads\/2025\/11\/M15_012_00001_hkbpom-1-300x200.jpg 300w, https:\/\/thecuc.carnet.hr\/2025\/wp-content\/uploads\/2025\/11\/M15_012_00001_hkbpom-1-768x512.jpg 768w, https:\/\/thecuc.carnet.hr\/2025\/wp-content\/uploads\/2025\/11\/M15_012_00001_hkbpom-1-1536x1024.jpg 1536w, https:\/\/thecuc.carnet.hr\/2025\/wp-content\/uploads\/2025\/11\/M15_012_00001_hkbpom-1.jpg 1800w\" sizes=\"auto, (max-width: 1024px) 100vw, 1024px\" \/><\/figure>\n<\/div>\n<\/div>\n<\/div>\n\n\n\n<div class=\"wp-block-group alignfull has-base-background-color has-background has-global-padding is-layout-constrained wp-container-core-group-is-layout-d89aad35 wp-block-group-is-layout-constrained\" style=\"margin-top:0;margin-bottom:0;padding-top:var(--wp--preset--spacing--50);padding-right:var(--wp--preset--spacing--50);padding-bottom:var(--wp--preset--spacing--50);padding-left:var(--wp--preset--spacing--50)\">\n<div class=\"wp-block-columns alignwide is-layout-flex wp-container-core-columns-is-layout-1da03c2a wp-block-columns-is-layout-flex\">\n<div class=\"wp-block-column is-vertically-aligned-center is-layout-flow wp-block-column-is-layout-flow\" style=\"flex-basis:60%\">\n<figure class=\"wp-block-image size-full is-resized is-style-rounded wp-duotone-unset-3 is-style-rounded--2\"><img loading=\"lazy\" decoding=\"async\" width=\"1600\" height=\"1092\" src=\"https:\/\/thecuc.carnet.hr\/2025\/wp-content\/uploads\/2025\/11\/M16_015_00024_eqgdco.webp\" alt=\"\" class=\"wp-image-309\" style=\"aspect-ratio:1.3333333333333333;object-fit:cover;width:561px;height:auto\" srcset=\"https:\/\/thecuc.carnet.hr\/2025\/wp-content\/uploads\/2025\/11\/M16_015_00024_eqgdco.webp 1600w, https:\/\/thecuc.carnet.hr\/2025\/wp-content\/uploads\/2025\/11\/M16_015_00024_eqgdco-300x205.webp 300w, https:\/\/thecuc.carnet.hr\/2025\/wp-content\/uploads\/2025\/11\/M16_015_00024_eqgdco-1024x699.webp 1024w, https:\/\/thecuc.carnet.hr\/2025\/wp-content\/uploads\/2025\/11\/M16_015_00024_eqgdco-768x524.webp 768w, https:\/\/thecuc.carnet.hr\/2025\/wp-content\/uploads\/2025\/11\/M16_015_00024_eqgdco-1536x1048.webp 1536w\" sizes=\"auto, (max-width: 1600px) 100vw, 1600px\" \/><figcaption class=\"wp-element-caption\">Park Plaza Histria<\/figcaption><\/figure>\n<\/div>\n\n\n\n<div class=\"wp-block-column is-layout-flow wp-block-column-is-layout-flow\" style=\"flex-basis:40%\">\n<h2 class=\"wp-block-heading\">Kongresni centar<\/h2>\n\n\n\n<p>Hotel Lone je dizajnerski hotel u kojem svaki detalj podsje\u0107a na muzej suvremene umjetnosti pa sudionike osvaja modernisti\u010dkim pristupom i suvremenom elegancijom. Opremljen je velikim vi\u0161enamjenskim dvoranama od kojih najve\u0107a ima \u010dak 650 sjede\u0107ih mjesta.<\/p>\n<\/div>\n<\/div>\n<\/div>\n","protected":false},"excerpt":{"rendered":"<p>Jedinstven izgled i arhitektura koji izvana bude znati\u017eelju, a iznutra inspiraciju. \u017delimo da i vi to iskusite i osjetite nakon boravka u hotelu Lone. Kongresni centar Hotel Lone je dizajnerski hotel u kojem svaki detalj podsje\u0107a na muzej suvremene umjetnosti pa sudionike osvaja modernisti\u010dkim pristupom i suvremenom elegancijom. Opremljen je velikim vi\u0161enamjenskim dvoranama od kojih [&hellip;]<\/p>\n","protected":false},"author":1,"featured_media":0,"parent":0,"menu_order":0,"comment_status":"closed","ping_status":"closed","template":"","meta":{"footnotes":""},"class_list":["post-71","page","type-page","status-publish","hentry"],"_links":{"self":[{"href":"https:\/\/thecuc.carnet.hr\/2025\/wp-json\/wp\/v2\/pages\/71","targetHints":{"allow":["GET"]}}],"collection":[{"href":"https:\/\/thecuc.carnet.hr\/2025\/wp-json\/wp\/v2\/pages"}],"about":[{"href":"https:\/\/thecuc.carnet.hr\/2025\/wp-json\/wp\/v2\/types\/page"}],"author":[{"embeddable":true,"href":"https:\/\/thecuc.carnet.hr\/2025\/wp-json\/wp\/v2\/users\/1"}],"replies":[{"embeddable":true,"href":"https:\/\/thecuc.carnet.hr\/2025\/wp-json\/wp\/v2\/comments?post=71"}],"version-history":[{"count":9,"href":"https:\/\/thecuc.carnet.hr\/2025\/wp-json\/wp\/v2\/pages\/71\/revisions"}],"predecessor-version":[{"id":310,"href":"https:\/\/thecuc.carnet.hr\/2025\/wp-json\/wp\/v2\/pages\/71\/revisions\/310"}],"wp:attachment":[{"href":"https:\/\/thecuc.carnet.hr\/2025\/wp-json\/wp\/v2\/media?parent=71"}],"curies":[{"name":"wp","href":"https:\/\/api.w.org\/{rel}","templated":true}]}}