{"id":66,"date":"2024-10-16T12:04:07","date_gmt":"2024-10-16T10:04:07","guid":{"rendered":"https:\/\/thecuc.carnet.hr\/2024\/?page_id=66"},"modified":"2025-11-03T15:40:44","modified_gmt":"2025-11-03T14:40:44","slug":"kotizacije","status":"publish","type":"page","link":"https:\/\/thecuc.carnet.hr\/2025\/kotizacije\/","title":{"rendered":"Kotizacije"},"content":{"rendered":"\n<h2 class=\"wp-block-heading\">Kotizacije<\/h2>\n\n\n\n<p>Kotizacije uklju\u010duju pristup konferenciji, pauze za kavu i dru\u0161tvena doga\u0111anja. Kotizacije su ove godine dostupne bez naknade uz najvau ne thecuc@carnet.hr.<\/p>\n\n\n\n<p>Kotizacija\u00a0<strong>ne uklju\u010duje<\/strong>\u00a0tro\u0161kove smje\u0161taja i prijevoza.<\/p>\n","protected":false},"excerpt":{"rendered":"<p>Kotizacije Kotizacije uklju\u010duju pristup konferenciji, pauze za kavu i dru\u0161tvena doga\u0111anja. Kotizacije su ove godine dostupne bez naknade uz najvau ne thecuc@carnet.hr. Kotizacija\u00a0ne uklju\u010duje\u00a0tro\u0161kove smje\u0161taja i prijevoza.<\/p>\n","protected":false},"author":1,"featured_media":0,"parent":0,"menu_order":0,"comment_status":"closed","ping_status":"closed","template":"","meta":{"footnotes":""},"class_list":["post-66","page","type-page","status-publish","hentry"],"_links":{"self":[{"href":"https:\/\/thecuc.carnet.hr\/2025\/wp-json\/wp\/v2\/pages\/66","targetHints":{"allow":["GET"]}}],"collection":[{"href":"https:\/\/thecuc.carnet.hr\/2025\/wp-json\/wp\/v2\/pages"}],"about":[{"href":"https:\/\/thecuc.carnet.hr\/2025\/wp-json\/wp\/v2\/types\/page"}],"author":[{"embeddable":true,"href":"https:\/\/thecuc.carnet.hr\/2025\/wp-json\/wp\/v2\/users\/1"}],"replies":[{"embeddable":true,"href":"https:\/\/thecuc.carnet.hr\/2025\/wp-json\/wp\/v2\/comments?post=66"}],"version-history":[{"count":6,"href":"https:\/\/thecuc.carnet.hr\/2025\/wp-json\/wp\/v2\/pages\/66\/revisions"}],"predecessor-version":[{"id":311,"href":"https:\/\/thecuc.carnet.hr\/2025\/wp-json\/wp\/v2\/pages\/66\/revisions\/311"}],"wp:attachment":[{"href":"https:\/\/thecuc.carnet.hr\/2025\/wp-json\/wp\/v2\/media?parent=66"}],"curies":[{"name":"wp","href":"https:\/\/api.w.org\/{rel}","templated":true}]}}