{"id":238,"date":"2024-10-25T10:46:01","date_gmt":"2024-10-25T08:46:01","guid":{"rendered":"https:\/\/thecuc.carnet.hr\/2024\/?page_id=238"},"modified":"2024-10-25T10:46:01","modified_gmt":"2024-10-25T08:46:01","slug":"marijana-pezelj-2","status":"publish","type":"page","link":"https:\/\/thecuc.carnet.hr\/2025\/marijana-pezelj-2\/","title":{"rendered":"Marijana Pezelj"},"content":{"rendered":"\n<h2 class=\"wp-block-heading\"><strong>Marijana Pezelj<\/strong><\/h2>\n\n\n\n<p>Marijana Pezelj zaposlena je u CARNET-u na mjestu specijalista\u00a0 u odjelu podr\u0161ke obrazovanju i u 22 godine u CARNET-u pro\u0161la je poslove od koordinatora \u010dvori\u0161ta Split, voditelja\u00a0 edukacijskog centra, pomo\u0107nice ravnatelja do predsjednice Programskog odbora CUC-a. <\/p>\n\n\n\n<p>Iako primarno tehni\u010dke orijentacije (zavr\u0161ila je Fakultet elektrotehnike, strojarstva i brodogradnje, Odsjek elektronika, smjer ra\u010dunarska tehnika) prona\u0161la se u poslovima vezanima za edukaciju i primjenu novih tehnologija u edukaciji. Stru\u010dne edukacije koje je i sama pro\u0161la odvijale su se u online okru\u017eenju: Cisco akademija mre\u017enih tehnologija (2003.), E-learning akademija, smjer Course Design (2012. \u2013 2013.), a pored toga pro\u0161la\u00a0 je niz seminara i te\u010dajeva iz podru\u010dja upravljanja, timskog rada, komunikacijskih vje\u0161tina, poslovnih procesa, vo\u0111enja projekata. <\/p>\n\n\n\n<p>Sudjelovala je i vodila vi\u0161e projektata iz podru\u010dja e-learninga, posebno na razvoju online sadr\u017eaja i implementaciji alata i platformi za online u\u010denje. U pilot-projektu e-\u0160kole bila je anga\u017eirana na analizi i podizanju digitalne zrelosti \u0161kola.<\/p>\n","protected":false},"excerpt":{"rendered":"<p>Marijana Pezelj Marijana Pezelj zaposlena je u CARNET-u na mjestu specijalista\u00a0 u odjelu podr\u0161ke obrazovanju i u 22 godine u CARNET-u pro\u0161la je poslove od koordinatora \u010dvori\u0161ta Split, voditelja\u00a0 edukacijskog centra, pomo\u0107nice ravnatelja do predsjednice Programskog odbora CUC-a. Iako primarno tehni\u010dke orijentacije (zavr\u0161ila je Fakultet elektrotehnike, strojarstva i brodogradnje, Odsjek elektronika, smjer ra\u010dunarska tehnika) prona\u0161la [&hellip;]<\/p>\n","protected":false},"author":3,"featured_media":0,"parent":0,"menu_order":0,"comment_status":"closed","ping_status":"closed","template":"","meta":{"footnotes":""},"class_list":["post-238","page","type-page","status-publish","hentry"],"_links":{"self":[{"href":"https:\/\/thecuc.carnet.hr\/2025\/wp-json\/wp\/v2\/pages\/238","targetHints":{"allow":["GET"]}}],"collection":[{"href":"https:\/\/thecuc.carnet.hr\/2025\/wp-json\/wp\/v2\/pages"}],"about":[{"href":"https:\/\/thecuc.carnet.hr\/2025\/wp-json\/wp\/v2\/types\/page"}],"author":[{"embeddable":true,"href":"https:\/\/thecuc.carnet.hr\/2025\/wp-json\/wp\/v2\/users\/3"}],"replies":[{"embeddable":true,"href":"https:\/\/thecuc.carnet.hr\/2025\/wp-json\/wp\/v2\/comments?post=238"}],"version-history":[{"count":1,"href":"https:\/\/thecuc.carnet.hr\/2025\/wp-json\/wp\/v2\/pages\/238\/revisions"}],"predecessor-version":[{"id":239,"href":"https:\/\/thecuc.carnet.hr\/2025\/wp-json\/wp\/v2\/pages\/238\/revisions\/239"}],"wp:attachment":[{"href":"https:\/\/thecuc.carnet.hr\/2025\/wp-json\/wp\/v2\/media?parent=238"}],"curies":[{"name":"wp","href":"https:\/\/api.w.org\/{rel}","templated":true}]}}