{"id":232,"date":"2024-10-25T10:43:44","date_gmt":"2024-10-25T08:43:44","guid":{"rendered":"https:\/\/thecuc.carnet.hr\/2024\/?page_id=232"},"modified":"2024-10-25T10:43:44","modified_gmt":"2024-10-25T08:43:44","slug":"hrvoje-puljiz-2","status":"publish","type":"page","link":"https:\/\/thecuc.carnet.hr\/2025\/hrvoje-puljiz-2\/","title":{"rendered":"Hrvoje Puljiz"},"content":{"rendered":"\n<h2 class=\"wp-block-heading\"><strong>Hrvoje Puljiz<\/strong><\/h2>\n\n\n\n<p>Hrvoje Puljiz diplomirao je ekonomiju na Ekonomskom fakultetu Sveu\u010dili\u0161ta u Zagrebu 2001. godine te zavr\u0161io poslijediplomski specijalisti\u010dki studij Financijskog menad\u017ementa na Ekonomskom fakultetu Sveu\u010dili\u0161ta u Splitu.<\/p>\n\n\n\n<p>Na po\u010detku karijere dolazi na poziciju tajnika Kabineta ministra znanosti, obrazovanja i sporta, gdje je odgovoran za u\u010dinkovito funkcioniranje Kabineta ministra te komunikaciju s dionicima.<\/p>\n\n\n\n<p>Prije dolaska u CARNET ostvario je vi\u0161egodi\u0161nju karijeru u segmentu upravljanja investicijskim fondovima i financijskog savjetovanja te je stekao iskustvo na razli\u010ditim upravlja\u010dkim pozicijama.<\/p>\n\n\n\n<p>U razdoblju od 2019. do svibnja 2021. godine direktor je Sektora operativnih i pravnih poslova u Sredi\u0161njem klirin\u0161kom depozitarnom dru\u0161tvu (SKDD) gdje je odgovoran za suradnju s regulatorom i sudionicima na tr\u017ei\u0161tu kapitala te vo\u0111enje operativnih poslova. Zadu\u017een je i za razvoj poslovnih procesa te vo\u0111enje projekata integracije financijskog tr\u017ei\u0161ta Hrvatske eurozoni.<\/p>\n\n\n\n<p>U svibnju 2021. godine preuzima poziciju ravnatelja Hrvatske akademske i istra\u017eiva\u010dke mre\u017ee \u2013 CARNET.<\/p>\n","protected":false},"excerpt":{"rendered":"<p>Hrvoje Puljiz Hrvoje Puljiz diplomirao je ekonomiju na Ekonomskom fakultetu Sveu\u010dili\u0161ta u Zagrebu 2001. godine te zavr\u0161io poslijediplomski specijalisti\u010dki studij Financijskog menad\u017ementa na Ekonomskom fakultetu Sveu\u010dili\u0161ta u Splitu. Na po\u010detku karijere dolazi na poziciju tajnika Kabineta ministra znanosti, obrazovanja i sporta, gdje je odgovoran za u\u010dinkovito funkcioniranje Kabineta ministra te komunikaciju s dionicima. Prije dolaska [&hellip;]<\/p>\n","protected":false},"author":3,"featured_media":0,"parent":0,"menu_order":0,"comment_status":"closed","ping_status":"closed","template":"","meta":{"footnotes":""},"class_list":["post-232","page","type-page","status-publish","hentry"],"_links":{"self":[{"href":"https:\/\/thecuc.carnet.hr\/2025\/wp-json\/wp\/v2\/pages\/232","targetHints":{"allow":["GET"]}}],"collection":[{"href":"https:\/\/thecuc.carnet.hr\/2025\/wp-json\/wp\/v2\/pages"}],"about":[{"href":"https:\/\/thecuc.carnet.hr\/2025\/wp-json\/wp\/v2\/types\/page"}],"author":[{"embeddable":true,"href":"https:\/\/thecuc.carnet.hr\/2025\/wp-json\/wp\/v2\/users\/3"}],"replies":[{"embeddable":true,"href":"https:\/\/thecuc.carnet.hr\/2025\/wp-json\/wp\/v2\/comments?post=232"}],"version-history":[{"count":1,"href":"https:\/\/thecuc.carnet.hr\/2025\/wp-json\/wp\/v2\/pages\/232\/revisions"}],"predecessor-version":[{"id":233,"href":"https:\/\/thecuc.carnet.hr\/2025\/wp-json\/wp\/v2\/pages\/232\/revisions\/233"}],"wp:attachment":[{"href":"https:\/\/thecuc.carnet.hr\/2025\/wp-json\/wp\/v2\/media?parent=232"}],"curies":[{"name":"wp","href":"https:\/\/api.w.org\/{rel}","templated":true}]}}