{"id":178,"date":"2024-10-23T10:09:47","date_gmt":"2024-10-23T08:09:47","guid":{"rendered":"https:\/\/thecuc.carnet.hr\/2024\/?page_id=178"},"modified":"2025-11-03T16:52:23","modified_gmt":"2025-11-03T15:52:23","slug":"faq","status":"publish","type":"page","link":"https:\/\/thecuc.carnet.hr\/2025\/faq\/","title":{"rendered":"\u010cesto postavljena pitanja"},"content":{"rendered":"\n<h2 class=\"wp-block-heading\">\u010cesto postavljena pitanja<\/h2>\n\n\n\n<p><\/p>\n\n\n\n<details class=\"wp-block-details has-contrast-color has-text-color has-link-color has-medium-font-size wp-elements-b15bacd4d76ea77862874d7cf5e9fb17 is-layout-flow wp-block-details-is-layout-flow\"><summary>Kako se mogu prijaviti na konferenciju?<\/summary>\n<p style=\"margin-top:var(--wp--preset--spacing--10);margin-right:var(--wp--preset--spacing--10);margin-bottom:var(--wp--preset--spacing--10);margin-left:var(--wp--preset--spacing--10)\">Za sudjelovanje na konferenciji obavezna je\u00a0prijava putem\u00a0prijavnog <a href=\"http:\/\/www.thecuc.hr\">obrasca<\/a>. Sve informacije o\u00a0<a href=\"https:\/\/thecuc.carnet.hr\/2025\/kotizacije\/\">kotizacijama<\/a>\u00a0mo\u017eete prona\u0107i na konferencijskoj stranici.<\/p>\n<\/details>\n\n\n\n<details class=\"wp-block-details is-style-default has-medium-font-size is-layout-flow wp-container-core-details-is-layout-e3d1c41b wp-block-details-is-layout-flow\"><summary>Kada i gdje se mogu registrirati na konferenciji?<\/summary>\n<p class=\"has-medium-font-size\" style=\"margin-top:var(--wp--preset--spacing--10);margin-right:var(--wp--preset--spacing--10);margin-bottom:var(--wp--preset--spacing--10);margin-left:var(--wp--preset--spacing--10)\">Registracijski desk nalazi se u hotelu Lone na razini recepcije.<\/p>\n\n\n\n<p class=\"has-medium-font-size\" style=\"margin-top:var(--wp--preset--spacing--10);margin-right:var(--wp--preset--spacing--10);margin-bottom:var(--wp--preset--spacing--10);margin-left:var(--wp--preset--spacing--10)\">Radno vrijeme registracijskog deska: <\/p>\n\n\n\n<ul class=\"wp-block-list has-medium-font-size\">\n<li>utorak od 17:00 do 20:00<\/li>\n\n\n\n<li>srijeda i \u010detvrtak od 9:00 do 18.00<\/li>\n\n\n\n<li>petak od 9:00 do 11:00<\/li>\n<\/ul>\n\n\n\n<p class=\"has-medium-font-size\">Prilikom preuzimanja akreditacije<strong>&nbsp;sudionici su obavezni potpisati se na potpisnu listu<\/strong>.<\/p>\n<\/details>\n\n\n\n<details class=\"wp-block-details has-medium-font-size is-layout-flow wp-block-details-is-layout-flow\"><summary>Ako dolazim automobilom, trebam li pla\u0107ati parking?<\/summary>\n<p class=\"has-medium-font-size\" style=\"margin-top:var(--wp--preset--spacing--10);margin-right:var(--wp--preset--spacing--10);margin-bottom:var(--wp--preset--spacing--10);margin-left:var(--wp--preset--spacing--10)\">Besplatan parking je dostupan u blizini hotela.<\/p>\n<\/details>\n\n\n\n<details class=\"wp-block-details has-medium-font-size is-layout-flow wp-block-details-is-layout-flow\"><summary>Kada je vrijeme prijave i odjave u hotelima?<\/summary>\n<p class=\"has-medium-font-size\" style=\"margin-top:var(--wp--preset--spacing--10);margin-right:var(--wp--preset--spacing--10);margin-bottom:var(--wp--preset--spacing--10);margin-left:var(--wp--preset--spacing--10)\"><strong>CHECK-IN<\/strong>&nbsp;\u2013 Prijava u hotel mogu\u0107a je od 15:00 sati na dan dolaska.<\/p>\n\n\n\n<p style=\"margin-top:var(--wp--preset--spacing--10);margin-right:var(--wp--preset--spacing--10);margin-bottom:var(--wp--preset--spacing--10);margin-left:var(--wp--preset--spacing--10)\"><strong>CHECK-OUT<\/strong>&nbsp;\u2013 Odjava je obavezna na dan odlaska najkasnije do 11:00 sati. Kasnija odjava \u0107e rezultirati dodatnom naknadom. Na dan odjave mo\u017eete koristiti uslugu odlaganja prtljage na recepciji hotela.<\/p>\n<\/details>\n\n\n\n<details class=\"wp-block-details has-medium-font-size is-layout-flow wp-block-details-is-layout-flow\"><summary>Trebam li uvijek nositi akreditaciju?<\/summary>\n<p class=\"has-medium-font-size\" style=\"margin-top:var(--wp--preset--spacing--10);margin-right:var(--wp--preset--spacing--10);margin-bottom:var(--wp--preset--spacing--10);margin-left:var(--wp--preset--spacing--10)\"><strong>Da,&nbsp;<\/strong>pristup svim doga\u0111anjima, pauzama i ve\u010derama imaju isklju\u010divo akreditirani sudionici, dok \u0107e sudionici bez vidljive akreditacije biti zamoljeni da istu predo\u010de.<\/p>\n<\/details>\n\n\n\n<details class=\"wp-block-details has-medium-font-size is-layout-flow wp-block-details-is-layout-flow\"><summary>Jesu li za akreditirane sudionike organizirani ru\u010dkovi, osvje\u017eenja i ve\u010dere?<\/summary>\n<p class=\"has-medium-font-size\" style=\"margin-top:var(--wp--preset--spacing--10);margin-right:var(--wp--preset--spacing--10);margin-bottom:var(--wp--preset--spacing--10);margin-left:var(--wp--preset--spacing--10)\">Ru\u010dkovi nisu organizirani. Pauze za kavu organizirane su za sve sudionika, a ve\u010dere samo za sudionike \u010dija akreditacija uklju\u010duje obrok.<\/p>\n<\/details>\n\n\n\n<details class=\"wp-block-details has-medium-font-size is-layout-flow wp-block-details-is-layout-flow\"><summary>Koji su uvjeti za dobivanje potvrde o sudjelovanju i doprinosu kvaliteti konferencije?<\/summary>\n<p style=\"margin-top:var(--wp--preset--spacing--10);margin-right:var(--wp--preset--spacing--10);margin-bottom:var(--wp--preset--spacing--10);margin-left:var(--wp--preset--spacing--10)\">POTVRDE O SUDJELOVANJU<\/p>\n\n\n\n<p class=\"has-medium-font-size\" style=\"margin-top:var(--wp--preset--spacing--10);margin-right:var(--wp--preset--spacing--10);margin-bottom:var(--wp--preset--spacing--10);margin-left:var(--wp--preset--spacing--10)\">Prilikom preuzimanja akreditacije na registracijskom desku, obavezno se potpisati na potpisnu listu. Potvrde \u0107e biti izdane u roku od 60 dana od zavr\u0161etka konferencije na e-adresu upisanu u prijavni obrazac. Ako u tom roku ne dobijete potvrde na svoje e-adrese, obavezno se javite na adresu thecuc@carnet.hr. Ako se ne javite, smatrat \u0107emo da ste dobili potvrdu o sudjelovanju, a naknadno izdavanje potvrda ne\u0107e biti mogu\u0107e.<\/p>\n\n\n\n<p class=\"has-link-color wp-elements-13cb64c37dce7119f742d494b421af6c\" style=\"margin-top:var(--wp--preset--spacing--10);margin-right:var(--wp--preset--spacing--10);margin-bottom:var(--wp--preset--spacing--10);margin-left:var(--wp--preset--spacing--10)\">POTVRDE O DOPRINOSU KVALITETI KONFERENCIJE<\/p>\n\n\n\n<p class=\"has-medium-font-size\" style=\"margin-top:var(--wp--preset--spacing--10);margin-right:var(--wp--preset--spacing--10);margin-bottom:var(--wp--preset--spacing--10);margin-left:var(--wp--preset--spacing--10)\">Svi autori radova dobit \u0107e potvrdu o doprinosu kvaliteti konferencije. Prilikom preuzimanja akreditacije na registracijskom desku, obavezno se potpisati na potpisnu listu. Potvrde \u0107e biti izdane u roku od 60 dana od zavr\u0161etka konferencije na e-adresu upisanu u prijavni obrazac. Ako u tom roku ne dobijete potvrde na svoje e-adrese, obavezno se javite na adresu thecuc@carnet.hr. Ako se ne javite, smatrat \u0107emo da ste dobili potvrdu, a naknadno izdavanje potvrda ne\u0107e biti mogu\u0107e.<\/p>\n<\/details>\n\n\n\n<p class=\"has-base-background-color has-background\"><\/p>\n","protected":false},"excerpt":{"rendered":"<p>\u010cesto postavljena pitanja<\/p>\n","protected":false},"author":3,"featured_media":0,"parent":0,"menu_order":0,"comment_status":"closed","ping_status":"closed","template":"","meta":{"footnotes":""},"class_list":["post-178","page","type-page","status-publish","hentry"],"_links":{"self":[{"href":"https:\/\/thecuc.carnet.hr\/2025\/wp-json\/wp\/v2\/pages\/178","targetHints":{"allow":["GET"]}}],"collection":[{"href":"https:\/\/thecuc.carnet.hr\/2025\/wp-json\/wp\/v2\/pages"}],"about":[{"href":"https:\/\/thecuc.carnet.hr\/2025\/wp-json\/wp\/v2\/types\/page"}],"author":[{"embeddable":true,"href":"https:\/\/thecuc.carnet.hr\/2025\/wp-json\/wp\/v2\/users\/3"}],"replies":[{"embeddable":true,"href":"https:\/\/thecuc.carnet.hr\/2025\/wp-json\/wp\/v2\/comments?post=178"}],"version-history":[{"count":12,"href":"https:\/\/thecuc.carnet.hr\/2025\/wp-json\/wp\/v2\/pages\/178\/revisions"}],"predecessor-version":[{"id":319,"href":"https:\/\/thecuc.carnet.hr\/2025\/wp-json\/wp\/v2\/pages\/178\/revisions\/319"}],"wp:attachment":[{"href":"https:\/\/thecuc.carnet.hr\/2025\/wp-json\/wp\/v2\/media?parent=178"}],"curies":[{"name":"wp","href":"https:\/\/api.w.org\/{rel}","templated":true}]}}