{"id":66,"date":"2024-10-16T12:04:07","date_gmt":"2024-10-16T10:04:07","guid":{"rendered":"https:\/\/thecuc.carnet.hr\/2024\/?page_id=66"},"modified":"2024-10-28T14:26:36","modified_gmt":"2024-10-28T13:26:36","slug":"kotizacije","status":"publish","type":"page","link":"https:\/\/thecuc.carnet.hr\/2024\/kotizacije\/","title":{"rendered":"Kotizacije"},"content":{"rendered":"\n<h2 class=\"wp-block-heading\">Kotizacije<\/h2>\n\n\n\n<p>Kotizacije uklju\u010duju pristup konferenciji, pauze za kavu i dru\u0161tvena doga\u0111anja.<\/p>\n\n\n\n<p>Iznos kotizacije&nbsp;<strong>ne uklju\u010duje<\/strong>&nbsp;tro\u0161kove smje\u0161taja i prijevoza.<\/p>\n\n\n\n<figure class=\"wp-block-table\"><table><tbody><tr><td><strong>Redovna kotizacija<br><\/strong>Uklju\u010duje program konferencije, obroke i pauze za kavu za sva tri dana konferencije.<br><\/td><td>650,00\u20ac<\/td><\/tr><tr><td><strong>Edu kotizacija<br><\/strong>Dostupna samo zaposlenicima javnih visokih u\u010dili\u0161ta u Republici Hrvatskoj &#8211; uklju\u010duje program konferencije, obroke i pauze za kavu za sva tri dana konferencije.<br><\/td><td>300,00\u20ac<\/td><\/tr><tr><td><strong>Edu light kotizacija <br><\/strong>Dostupna samo zaposlenicima javnih visokih u\u010dili\u0161ta u Republici Hrvatskoj &#8211; uklju\u010duje program konferencije i pauze za kavu za sva tri dana konferencije.<br><\/td><td>100,00\u20ac<\/td><\/tr><\/tbody><\/table><\/figure>\n","protected":false},"excerpt":{"rendered":"<p>Kotizacije Kotizacije uklju\u010duju pristup konferenciji, pauze za kavu i dru\u0161tvena doga\u0111anja. Iznos kotizacije&nbsp;ne uklju\u010duje&nbsp;tro\u0161kove smje\u0161taja i prijevoza. Redovna kotizacijaUklju\u010duje program konferencije, obroke i pauze za kavu za sva tri dana konferencije. 650,00\u20ac Edu kotizacijaDostupna samo zaposlenicima javnih visokih u\u010dili\u0161ta u Republici Hrvatskoj &#8211; uklju\u010duje program konferencije, obroke i pauze za kavu za sva tri dana [&hellip;]<\/p>\n","protected":false},"author":1,"featured_media":0,"parent":0,"menu_order":0,"comment_status":"closed","ping_status":"closed","template":"","meta":{"footnotes":""},"class_list":["post-66","page","type-page","status-publish","hentry"],"_links":{"self":[{"href":"https:\/\/thecuc.carnet.hr\/2024\/wp-json\/wp\/v2\/pages\/66","targetHints":{"allow":["GET"]}}],"collection":[{"href":"https:\/\/thecuc.carnet.hr\/2024\/wp-json\/wp\/v2\/pages"}],"about":[{"href":"https:\/\/thecuc.carnet.hr\/2024\/wp-json\/wp\/v2\/types\/page"}],"author":[{"embeddable":true,"href":"https:\/\/thecuc.carnet.hr\/2024\/wp-json\/wp\/v2\/users\/1"}],"replies":[{"embeddable":true,"href":"https:\/\/thecuc.carnet.hr\/2024\/wp-json\/wp\/v2\/comments?post=66"}],"version-history":[{"count":5,"href":"https:\/\/thecuc.carnet.hr\/2024\/wp-json\/wp\/v2\/pages\/66\/revisions"}],"predecessor-version":[{"id":258,"href":"https:\/\/thecuc.carnet.hr\/2024\/wp-json\/wp\/v2\/pages\/66\/revisions\/258"}],"wp:attachment":[{"href":"https:\/\/thecuc.carnet.hr\/2024\/wp-json\/wp\/v2\/media?parent=66"}],"curies":[{"name":"wp","href":"https:\/\/api.w.org\/{rel}","templated":true}]}}