{"id":236,"date":"2024-10-25T10:45:08","date_gmt":"2024-10-25T08:45:08","guid":{"rendered":"https:\/\/thecuc.carnet.hr\/2024\/?page_id=236"},"modified":"2024-10-25T10:45:08","modified_gmt":"2024-10-25T08:45:08","slug":"jakov-kis-2","status":"publish","type":"page","link":"https:\/\/thecuc.carnet.hr\/2024\/jakov-kis-2\/","title":{"rendered":"Jakov Ki\u0161"},"content":{"rendered":"\n<h2 class=\"wp-block-heading\"><strong>Jakov Ki\u0161<\/strong><\/h2>\n\n\n\n<p>Jakov Ki\u0161, stru\u010dni suradnik u Odsjeku za analitiku podataka iz podru\u010dja kiberneti\u010dke sigurnosti u Sektoru Nacionalnog CERT-a. Diplomirao je na Fakultetu politi\u010dkih znanosti u Zagrebu. U CARNET-u radi od 2019. godine, a Sektoru Nacionalnog CERT-a pridru\u017eio se 2021. godine. <\/p>\n\n\n\n<p>Budu\u0107i da je diplomirao na smjeru Nacionalne sigurnosti, odlu\u010dio se pridru\u017eiti timu Nacionalnog CERT-a kako bi se bavio ovom novijim i dinami\u010dnim oblikom nacionalne sigurnosti. U sklopu svog posla bavi se \u0161irenjem svijesti i znanja o kiberneti\u010dkoj sigurnosti, stvaranjem edukativnih materijala, vo\u0111enjem edukacija te raznim nacionalnim i me\u0111unarodnim suradnjama.<\/p>\n","protected":false},"excerpt":{"rendered":"<p>Jakov Ki\u0161 Jakov Ki\u0161, stru\u010dni suradnik u Odsjeku za analitiku podataka iz podru\u010dja kiberneti\u010dke sigurnosti u Sektoru Nacionalnog CERT-a. Diplomirao je na Fakultetu politi\u010dkih znanosti u Zagrebu. U CARNET-u radi od 2019. godine, a Sektoru Nacionalnog CERT-a pridru\u017eio se 2021. godine. Budu\u0107i da je diplomirao na smjeru Nacionalne sigurnosti, odlu\u010dio se pridru\u017eiti timu Nacionalnog CERT-a [&hellip;]<\/p>\n","protected":false},"author":3,"featured_media":0,"parent":0,"menu_order":0,"comment_status":"closed","ping_status":"closed","template":"","meta":{"footnotes":""},"class_list":["post-236","page","type-page","status-publish","hentry"],"_links":{"self":[{"href":"https:\/\/thecuc.carnet.hr\/2024\/wp-json\/wp\/v2\/pages\/236","targetHints":{"allow":["GET"]}}],"collection":[{"href":"https:\/\/thecuc.carnet.hr\/2024\/wp-json\/wp\/v2\/pages"}],"about":[{"href":"https:\/\/thecuc.carnet.hr\/2024\/wp-json\/wp\/v2\/types\/page"}],"author":[{"embeddable":true,"href":"https:\/\/thecuc.carnet.hr\/2024\/wp-json\/wp\/v2\/users\/3"}],"replies":[{"embeddable":true,"href":"https:\/\/thecuc.carnet.hr\/2024\/wp-json\/wp\/v2\/comments?post=236"}],"version-history":[{"count":1,"href":"https:\/\/thecuc.carnet.hr\/2024\/wp-json\/wp\/v2\/pages\/236\/revisions"}],"predecessor-version":[{"id":237,"href":"https:\/\/thecuc.carnet.hr\/2024\/wp-json\/wp\/v2\/pages\/236\/revisions\/237"}],"wp:attachment":[{"href":"https:\/\/thecuc.carnet.hr\/2024\/wp-json\/wp\/v2\/media?parent=236"}],"curies":[{"name":"wp","href":"https:\/\/api.w.org\/{rel}","templated":true}]}}