{"id":224,"date":"2024-10-25T10:40:01","date_gmt":"2024-10-25T08:40:01","guid":{"rendered":"https:\/\/thecuc.carnet.hr\/2024\/?page_id=224"},"modified":"2024-10-25T10:40:57","modified_gmt":"2024-10-25T08:40:57","slug":"ana-smoljo-2","status":"publish","type":"page","link":"https:\/\/thecuc.carnet.hr\/2024\/ana-smoljo-2\/","title":{"rendered":"Ana Smoljo"},"content":{"rendered":"\n<h2 class=\"wp-block-heading\"><strong>Ana Smoljo<\/strong><\/h2>\n\n\n\n<p>Ana Smoljo voditeljica je Samostalnog odjela za komunikacije u Hrvatskoj akademskoj i istra\u017eiva\u010dkoj mre\u017ei \u2013 CARNET. Diplomirala je Novinarstvo i zavr\u0161ila poslijediplomski studij Vanjske politike i diplomacije na Fakultetu politi\u010dkih znanosti Sveu\u010dili\u0161ta u Zagrebu.<\/p>\n\n\n\n<p>Vi\u0161e od 20 godina bavi se strate\u0161kim komunikacijama, s posebnim naglaskom na razvoj korporativnog identiteta i korporativne kulture, upravljanje reputacijom, razvoj strategija i komunikacijskih planova te strate\u0161ko savjetovanje. Tijekom konzultantske karijere savjetovala je klijente iz razli\u010ditih industrija, posebice IT i telekomunikacija, turizma, farmaceutske i prehrambene industrije te me\u0111unarodne organizacije. &nbsp;&nbsp;&nbsp;&nbsp;&nbsp;&nbsp;&nbsp;&nbsp;&nbsp;<\/p>\n\n\n\n<p>U CARNET-u je, kao voditeljica Samostalnog odjela za komunikacije, od 2018. godine zadu\u017eena za savjetovanje Izvr\u0161nog povjerenstva, upravljanje internom i eksternom komunikacijom, osmi\u0161ljavanje komunikacijskih strategija i kreativnih koncepata, organizaciju doga\u0111anja i komunikaciju branda CARNET.<\/p>\n\n\n\n<p>Kao \u010dlanica Upravnog odbora Hrvatske udruge za umjetnu inteligenciju uklju\u010dena je u promicanje prednosti umjetne inteligencije, osobito u segmentu obrazovanja, s naglaskom na njezinu odgovornu upotrebu i za\u0161titu privatnosti.<\/p>\n\n\n\n<p>Koautorica je dva stru\u010dna rada iz podru\u010dja upravljanja komunikacijama te \u010dlanica uredni\u0161tva knjige o projektu e-\u0160kole \u201ePut prema digitalnoj zrelosti\u201c.<\/p>\n","protected":false},"excerpt":{"rendered":"<p>Ana Smoljo Ana Smoljo voditeljica je Samostalnog odjela za komunikacije u Hrvatskoj akademskoj i istra\u017eiva\u010dkoj mre\u017ei \u2013 CARNET. Diplomirala je Novinarstvo i zavr\u0161ila poslijediplomski studij Vanjske politike i diplomacije na Fakultetu politi\u010dkih znanosti Sveu\u010dili\u0161ta u Zagrebu. Vi\u0161e od 20 godina bavi se strate\u0161kim komunikacijama, s posebnim naglaskom na razvoj korporativnog identiteta i korporativne kulture, upravljanje [&hellip;]<\/p>\n","protected":false},"author":3,"featured_media":0,"parent":0,"menu_order":0,"comment_status":"closed","ping_status":"closed","template":"","meta":{"footnotes":""},"class_list":["post-224","page","type-page","status-publish","hentry"],"_links":{"self":[{"href":"https:\/\/thecuc.carnet.hr\/2024\/wp-json\/wp\/v2\/pages\/224","targetHints":{"allow":["GET"]}}],"collection":[{"href":"https:\/\/thecuc.carnet.hr\/2024\/wp-json\/wp\/v2\/pages"}],"about":[{"href":"https:\/\/thecuc.carnet.hr\/2024\/wp-json\/wp\/v2\/types\/page"}],"author":[{"embeddable":true,"href":"https:\/\/thecuc.carnet.hr\/2024\/wp-json\/wp\/v2\/users\/3"}],"replies":[{"embeddable":true,"href":"https:\/\/thecuc.carnet.hr\/2024\/wp-json\/wp\/v2\/comments?post=224"}],"version-history":[{"count":2,"href":"https:\/\/thecuc.carnet.hr\/2024\/wp-json\/wp\/v2\/pages\/224\/revisions"}],"predecessor-version":[{"id":227,"href":"https:\/\/thecuc.carnet.hr\/2024\/wp-json\/wp\/v2\/pages\/224\/revisions\/227"}],"wp:attachment":[{"href":"https:\/\/thecuc.carnet.hr\/2024\/wp-json\/wp\/v2\/media?parent=224"}],"curies":[{"name":"wp","href":"https:\/\/api.w.org\/{rel}","templated":true}]}}