{"id":154,"date":"2024-10-18T16:28:57","date_gmt":"2024-10-18T14:28:57","guid":{"rendered":"https:\/\/thecuc.carnet.hr\/2024\/?page_id=154"},"modified":"2024-10-18T16:36:27","modified_gmt":"2024-10-18T14:36:27","slug":"prijevoz","status":"publish","type":"page","link":"https:\/\/thecuc.carnet.hr\/2024\/prijevoz\/","title":{"rendered":"Prijevoz"},"content":{"rendered":"\n<h2 class=\"wp-block-heading\">Prijevoz<\/h2>\n\n\n\n<p>Autobusni prijevoz je garantiran u slu\u010daju minimalno 36 prijavljenih putnika<\/p>\n\n\n\n<h2 class=\"wp-block-heading\">Polazak na konferenciju<\/h2>\n\n\n\n<figure class=\"wp-block-table is-style-regular has-medium-font-size\"><table class=\"has-contrast-color has-base-2-background-color has-text-color has-background has-link-color\"><thead><tr><th class=\"has-text-align-center\" data-align=\"center\">Grad<\/th><th class=\"has-text-align-center\" data-align=\"center\">Datum i vrijeme polaska<\/th><th class=\"has-text-align-center\" data-align=\"center\">Cijena povratne karte<\/th><\/tr><\/thead><tbody><tr><td class=\"has-text-align-center\" data-align=\"center\"><strong>Vara\u017edin<\/strong> &#8211; Autobusni kolodvor Vara\u017edin<\/td><td class=\"has-text-align-center\" data-align=\"center\">5.11.2024. u 11:30<\/td><td class=\"has-text-align-center\" data-align=\"center\">70,00 \u20ac<\/td><\/tr><tr><td class=\"has-text-align-center\" data-align=\"center\"><strong>Zagreb <\/strong>\u2013<strong> <\/strong>Zagreba\u010dki Velesajam (glavni ulaz uz Aveniju Dubrovnik)<\/td><td class=\"has-text-align-center\" data-align=\"center\">5.11.2024. u 13:00<\/td><td class=\"has-text-align-center\" data-align=\"center\">70,00 \u20ac<\/td><\/tr><tr><td class=\"has-text-align-center\" data-align=\"center\"><strong>Karlovac <\/strong>&#8211; odmori\u0161te Dragani\u0107<\/td><td class=\"has-text-align-center\" data-align=\"center\">5.11.2024. u 13:45 <\/td><td class=\"has-text-align-center\" data-align=\"center\">70,00 \u20ac<\/td><\/tr><tr><td class=\"has-text-align-center\" data-align=\"center\"><strong>Rijeka <\/strong>&#8211; Odmori\u0161ta Vrata Jadrana (Sjever) <\/td><td class=\"has-text-align-center\" data-align=\"center\">5.11.2024. u 16:00<\/td><td class=\"has-text-align-center\" data-align=\"center\">50,00 \u20ac<\/td><\/tr><tr><td class=\"has-text-align-center\" data-align=\"center\"><strong>Split <\/strong>\u2013 Autobusni kolodvor Split<\/td><td class=\"has-text-align-center\" data-align=\"center\">5.11.2024. u 10:00 <\/td><td class=\"has-text-align-center\" data-align=\"center\">85,00 \u20ac<\/td><\/tr><tr><td class=\"has-text-align-center\" data-align=\"center\"><strong>\u0160ibenik <\/strong>\u2013 odmori\u0161te Krka Istok <\/td><td class=\"has-text-align-center\" data-align=\"center\">5.11.2024. u 11:20<\/td><td class=\"has-text-align-center\" data-align=\"center\">85,00 \u20ac<\/td><\/tr><tr><td class=\"has-text-align-center\" data-align=\"center\"><strong>Zadar <\/strong>\u2013 benzinska stanica Shell BS Zadar Tromilja<\/td><td class=\"has-text-align-center\" data-align=\"center\">5.11.2024. u 12:10<\/td><td class=\"has-text-align-center\" data-align=\"center\">85,00 \u20ac<\/td><\/tr><tr><td class=\"has-text-align-center\" data-align=\"center\"><strong>Osijek <\/strong>&#8211; Autobusni kolodvor Osijek <\/td><td class=\"has-text-align-center\" data-align=\"center\">5.11.2024. u 9:00<\/td><td class=\"has-text-align-center\" data-align=\"center\">85,00 \u20ac<\/td><\/tr><tr><td class=\"has-text-align-center\" data-align=\"center\"><strong>Slavonski Brod <\/strong>&#8211; odmori\u0161te Marsonija <\/td><td class=\"has-text-align-center\" data-align=\"center\">5.11.2024. u 10:30<\/td><td class=\"has-text-align-center\" data-align=\"center\">85,00 \u20ac<\/td><\/tr><\/tbody><\/table><\/figure>\n\n\n\n<h2 class=\"wp-block-heading\">Povratak s konferencije<\/h2>\n\n\n\n<p>Polazak autobusa iz Pule za sva odredi\u0161ta 8.11.2024. nakon zavr\u0161etka konferencije. <\/p>\n","protected":false},"excerpt":{"rendered":"<p>Prijevoz Autobusni prijevoz je garantiran u slu\u010daju minimalno 36 prijavljenih putnika Polazak na konferenciju Grad Datum i vrijeme polaska Cijena povratne karte Vara\u017edin &#8211; Autobusni kolodvor Vara\u017edin 5.11.2024. u 11:30 70,00 \u20ac Zagreb \u2013 Zagreba\u010dki Velesajam (glavni ulaz uz Aveniju Dubrovnik) 5.11.2024. u 13:00 70,00 \u20ac Karlovac &#8211; odmori\u0161te Dragani\u0107 5.11.2024. u 13:45 70,00 \u20ac [&hellip;]<\/p>\n","protected":false},"author":3,"featured_media":0,"parent":0,"menu_order":0,"comment_status":"closed","ping_status":"closed","template":"","meta":{"footnotes":""},"class_list":["post-154","page","type-page","status-publish","hentry"],"_links":{"self":[{"href":"https:\/\/thecuc.carnet.hr\/2024\/wp-json\/wp\/v2\/pages\/154","targetHints":{"allow":["GET"]}}],"collection":[{"href":"https:\/\/thecuc.carnet.hr\/2024\/wp-json\/wp\/v2\/pages"}],"about":[{"href":"https:\/\/thecuc.carnet.hr\/2024\/wp-json\/wp\/v2\/types\/page"}],"author":[{"embeddable":true,"href":"https:\/\/thecuc.carnet.hr\/2024\/wp-json\/wp\/v2\/users\/3"}],"replies":[{"embeddable":true,"href":"https:\/\/thecuc.carnet.hr\/2024\/wp-json\/wp\/v2\/comments?post=154"}],"version-history":[{"count":6,"href":"https:\/\/thecuc.carnet.hr\/2024\/wp-json\/wp\/v2\/pages\/154\/revisions"}],"predecessor-version":[{"id":162,"href":"https:\/\/thecuc.carnet.hr\/2024\/wp-json\/wp\/v2\/pages\/154\/revisions\/162"}],"wp:attachment":[{"href":"https:\/\/thecuc.carnet.hr\/2024\/wp-json\/wp\/v2\/media?parent=154"}],"curies":[{"name":"wp","href":"https:\/\/api.w.org\/{rel}","templated":true}]}}