{"id":102,"date":"2024-10-17T14:50:37","date_gmt":"2024-10-17T12:50:37","guid":{"rendered":"https:\/\/thecuc.carnet.hr\/2024\/?page_id=102"},"modified":"2024-10-25T11:07:40","modified_gmt":"2024-10-25T09:07:40","slug":"programski-odbor","status":"publish","type":"page","link":"https:\/\/thecuc.carnet.hr\/2024\/programski-odbor\/","title":{"rendered":"Programski odbor"},"content":{"rendered":"\n<div class=\"wp-block-group alignfull has-global-padding is-layout-constrained wp-container-core-group-is-layout-669513ed wp-block-group-is-layout-constrained\" style=\"margin-top:0;margin-bottom:0;padding-top:var(--wp--preset--spacing--50);padding-right:var(--wp--preset--spacing--50);padding-bottom:var(--wp--preset--spacing--50);padding-left:var(--wp--preset--spacing--50)\">\n<div class=\"wp-block-group is-vertical is-content-justification-center is-layout-flex wp-container-core-group-is-layout-ce155fab wp-block-group-is-layout-flex\">\n<h2 class=\"wp-block-heading has-text-align-center is-style-default has-xx-large-font-size\">Programski odbor<\/h2>\n<\/div>\n\n\n\n<div style=\"height:var(--wp--preset--spacing--30)\" aria-hidden=\"true\" class=\"wp-block-spacer\"><\/div>\n\n\n\n<div class=\"wp-block-columns alignwide is-layout-flex wp-container-core-columns-is-layout-4935966c wp-block-columns-is-layout-flex\" style=\"padding-right:0;padding-left:0\"><\/div>\n\n\n\n<div class=\"wp-block-columns alignwide is-layout-flex wp-container-core-columns-is-layout-4935966c wp-block-columns-is-layout-flex\" style=\"padding-right:0;padding-left:0\">\n<div class=\"wp-block-column is-layout-flow wp-block-column-is-layout-flow\">\n<figure class=\"wp-block-image size-full is-style-rounded is-style-rounded--1\"><a href=\"https:\/\/thecuc.carnet.hr\/2024\/marijana-pezelj-2\/\" target=\"_blank\" rel=\"noopener\"><img loading=\"lazy\" decoding=\"async\" width=\"375\" height=\"375\" src=\"https:\/\/thecuc.carnet.hr\/2024\/wp-content\/uploads\/2024\/10\/Marijana-Pezelj.png\" alt=\"\" class=\"wp-image-216\" style=\"aspect-ratio:3\/4;object-fit:cover\" srcset=\"https:\/\/thecuc.carnet.hr\/2024\/wp-content\/uploads\/2024\/10\/Marijana-Pezelj.png 375w, https:\/\/thecuc.carnet.hr\/2024\/wp-content\/uploads\/2024\/10\/Marijana-Pezelj-300x300.png 300w, https:\/\/thecuc.carnet.hr\/2024\/wp-content\/uploads\/2024\/10\/Marijana-Pezelj-150x150.png 150w\" sizes=\"auto, (max-width: 375px) 100vw, 375px\" \/><\/a><\/figure>\n\n\n\n<div class=\"wp-block-group is-vertical is-content-justification-center is-nowrap is-layout-flex wp-container-core-group-is-layout-21d4e958 wp-block-group-is-layout-flex\">\n<p class=\"has-text-align-center has-small-font-size\"><a href=\"https:\/\/thecuc.carnet.hr\/2024\/marijana-pezelj-2\/\" data-type=\"page\" data-id=\"238\" target=\"_blank\" rel=\"noreferrer noopener\"><strong>Marijana Pezelj<\/strong><\/a><\/p>\n\n\n\n<p class=\"has-text-align-center has-small-font-size\"><\/p>\n<\/div>\n<\/div>\n\n\n\n<div class=\"wp-block-column is-layout-flow wp-block-column-is-layout-flow\">\n<figure class=\"wp-block-image size-full is-style-rounded is-style-rounded--2\"><a href=\"https:\/\/thecuc.carnet.hr\/2024\/hrvoje-puljiz-2\/\" target=\"_blank\" rel=\"noopener\"><img loading=\"lazy\" decoding=\"async\" width=\"468\" height=\"702\" src=\"https:\/\/thecuc.carnet.hr\/2024\/wp-content\/uploads\/2024\/10\/Hrvoje-Puljiz-1.jpg\" alt=\"\" class=\"wp-image-244\" style=\"aspect-ratio:3\/4;object-fit:cover\" srcset=\"https:\/\/thecuc.carnet.hr\/2024\/wp-content\/uploads\/2024\/10\/Hrvoje-Puljiz-1.jpg 468w, https:\/\/thecuc.carnet.hr\/2024\/wp-content\/uploads\/2024\/10\/Hrvoje-Puljiz-1-200x300.jpg 200w\" sizes=\"auto, (max-width: 468px) 100vw, 468px\" \/><\/a><\/figure>\n\n\n\n<div class=\"wp-block-group is-vertical is-content-justification-center is-nowrap is-layout-flex wp-container-core-group-is-layout-63bfd6c1 wp-block-group-is-layout-flex\">\n<p class=\"has-text-align-center has-small-font-size\"><a href=\"https:\/\/thecuc.carnet.hr\/2024\/hrvoje-puljiz-2\/\" data-type=\"page\" data-id=\"232\" target=\"_blank\" rel=\"noreferrer noopener\"><strong>Hrvoje Puljiz<\/strong><\/a><\/p>\n\n\n\n<p class=\"has-text-align-center has-small-font-size\"><\/p>\n<\/div>\n<\/div>\n\n\n\n<div class=\"wp-block-column is-layout-flow wp-block-column-is-layout-flow\">\n<figure class=\"wp-block-image size-full is-style-rounded is-style-rounded--3\"><a href=\"https:\/\/thecuc.carnet.hr\/2024\/ivan-sabic-2\/\" target=\"_blank\" rel=\"noopener\"><img loading=\"lazy\" decoding=\"async\" width=\"468\" height=\"702\" src=\"https:\/\/thecuc.carnet.hr\/2024\/wp-content\/uploads\/2024\/10\/Ivan-S\u030cabic\u0301-1.jpg\" alt=\"\" class=\"wp-image-219\" style=\"aspect-ratio:3\/4;object-fit:cover\" srcset=\"https:\/\/thecuc.carnet.hr\/2024\/wp-content\/uploads\/2024\/10\/Ivan-S\u030cabic\u0301-1.jpg 468w, https:\/\/thecuc.carnet.hr\/2024\/wp-content\/uploads\/2024\/10\/Ivan-S\u030cabic\u0301-1-200x300.jpg 200w\" sizes=\"auto, (max-width: 468px) 100vw, 468px\" \/><\/a><\/figure>\n\n\n\n<div class=\"wp-block-group is-vertical is-content-justification-center is-nowrap is-layout-flex wp-container-core-group-is-layout-63bfd6c1 wp-block-group-is-layout-flex\">\n<p class=\"has-text-align-center has-small-font-size\"><a href=\"https:\/\/thecuc.carnet.hr\/2024\/ivan-sabic-2\/\" data-type=\"page\" data-id=\"234\" target=\"_blank\" rel=\"noreferrer noopener\"><strong>Ivan \u0160abi\u0107<\/strong><\/a><\/p>\n\n\n\n<p class=\"has-text-align-center has-small-font-size\"><\/p>\n<\/div>\n<\/div>\n\n\n\n<div class=\"wp-block-column is-layout-flow wp-block-column-is-layout-flow\">\n<figure class=\"wp-block-image aligncenter size-full is-style-rounded is-style-rounded--4\"><a href=\"https:\/\/thecuc.carnet.hr\/2024\/darko-etinger-2\/\" target=\"_blank\" rel=\"noopener\"><img loading=\"lazy\" decoding=\"async\" width=\"468\" height=\"468\" src=\"https:\/\/thecuc.carnet.hr\/2024\/wp-content\/uploads\/2024\/10\/Darko-Etinger.jpg\" alt=\"\" class=\"wp-image-211\" style=\"aspect-ratio:0.75;object-fit:cover\" srcset=\"https:\/\/thecuc.carnet.hr\/2024\/wp-content\/uploads\/2024\/10\/Darko-Etinger.jpg 468w, https:\/\/thecuc.carnet.hr\/2024\/wp-content\/uploads\/2024\/10\/Darko-Etinger-300x300.jpg 300w, https:\/\/thecuc.carnet.hr\/2024\/wp-content\/uploads\/2024\/10\/Darko-Etinger-150x150.jpg 150w\" sizes=\"auto, (max-width: 468px) 100vw, 468px\" \/><\/a><\/figure>\n\n\n\n<div class=\"wp-block-group is-vertical is-content-justification-center is-nowrap is-layout-flex wp-container-core-group-is-layout-21d4e958 wp-block-group-is-layout-flex\">\n<p class=\"has-text-align-center has-small-font-size\"><a href=\"https:\/\/thecuc.carnet.hr\/2024\/darko-etinger-2\/\" data-type=\"page\" data-id=\"230\" target=\"_blank\" rel=\"noreferrer noopener\"><strong>Darko Etinger<\/strong><\/a><\/p>\n\n\n\n<p class=\"has-text-align-center has-small-font-size\"><\/p>\n<\/div>\n<\/div>\n<\/div>\n\n\n\n<div class=\"wp-block-columns alignwide is-layout-flex wp-container-core-columns-is-layout-4935966c wp-block-columns-is-layout-flex\" style=\"padding-right:0;padding-left:0\">\n<div class=\"wp-block-column is-layout-flow wp-block-column-is-layout-flow\">\n<figure class=\"wp-block-image size-full is-style-rounded is-style-rounded--5\"><a href=\"https:\/\/thecuc.carnet.hr\/2024\/lidija-jakovcic-2\/\" target=\"_blank\" rel=\"noopener\"><img loading=\"lazy\" decoding=\"async\" width=\"1714\" height=\"2560\" src=\"https:\/\/thecuc.carnet.hr\/2024\/wp-content\/uploads\/2024\/10\/Lidija-Jakovc\u030cic\u0301-scaled.jpg\" alt=\"\" class=\"wp-image-215\" style=\"aspect-ratio:3\/4;object-fit:cover\" srcset=\"https:\/\/thecuc.carnet.hr\/2024\/wp-content\/uploads\/2024\/10\/Lidija-Jakovc\u030cic\u0301-scaled.jpg 1714w, https:\/\/thecuc.carnet.hr\/2024\/wp-content\/uploads\/2024\/10\/Lidija-Jakovc\u030cic\u0301-201x300.jpg 201w, https:\/\/thecuc.carnet.hr\/2024\/wp-content\/uploads\/2024\/10\/Lidija-Jakovc\u030cic\u0301-685x1024.jpg 685w, https:\/\/thecuc.carnet.hr\/2024\/wp-content\/uploads\/2024\/10\/Lidija-Jakovc\u030cic\u0301-768x1147.jpg 768w, https:\/\/thecuc.carnet.hr\/2024\/wp-content\/uploads\/2024\/10\/Lidija-Jakovc\u030cic\u0301-1028x1536.jpg 1028w, https:\/\/thecuc.carnet.hr\/2024\/wp-content\/uploads\/2024\/10\/Lidija-Jakovc\u030cic\u0301-1371x2048.jpg 1371w\" sizes=\"auto, (max-width: 1714px) 100vw, 1714px\" \/><\/a><\/figure>\n\n\n\n<div class=\"wp-block-group is-vertical is-content-justification-center is-nowrap is-layout-flex wp-container-core-group-is-layout-21d4e958 wp-block-group-is-layout-flex\">\n<p class=\"has-text-align-center has-small-font-size\"><strong><a href=\"https:\/\/thecuc.carnet.hr\/2024\/lidija-jakovcic-2\/\" data-type=\"page\" data-id=\"228\" target=\"_blank\" rel=\"noreferrer noopener\">Lidija Jakov\u010di\u0107<\/a><\/strong><\/p>\n\n\n\n<p class=\"has-text-align-center has-small-font-size\"><\/p>\n<\/div>\n<\/div>\n\n\n\n<div class=\"wp-block-column is-layout-flow wp-block-column-is-layout-flow\">\n<figure class=\"wp-block-image size-full is-style-rounded is-style-rounded--6\"><a href=\"https:\/\/thecuc.carnet.hr\/2024\/mirta-janes-2\/\" target=\"_blank\" rel=\"noopener\"><img loading=\"lazy\" decoding=\"async\" width=\"468\" height=\"263\" src=\"https:\/\/thecuc.carnet.hr\/2024\/wp-content\/uploads\/2024\/10\/Mirta-Janes\u030c.jpg\" alt=\"\" class=\"wp-image-217\" style=\"aspect-ratio:3\/4;object-fit:cover\" srcset=\"https:\/\/thecuc.carnet.hr\/2024\/wp-content\/uploads\/2024\/10\/Mirta-Janes\u030c.jpg 468w, https:\/\/thecuc.carnet.hr\/2024\/wp-content\/uploads\/2024\/10\/Mirta-Janes\u030c-300x169.jpg 300w\" sizes=\"auto, (max-width: 468px) 100vw, 468px\" \/><\/a><\/figure>\n\n\n\n<div class=\"wp-block-group is-vertical is-content-justification-center is-nowrap is-layout-flex wp-container-core-group-is-layout-63bfd6c1 wp-block-group-is-layout-flex\">\n<p class=\"has-text-align-center has-small-font-size\"><strong><a href=\"https:\/\/thecuc.carnet.hr\/2024\/mirta-janes-2\/\" data-type=\"page\" data-id=\"222\" target=\"_blank\" rel=\"noreferrer noopener\">Mirta Jane\u0161<\/a><\/strong><\/p>\n\n\n\n<p class=\"has-text-align-center has-small-font-size\"><\/p>\n<\/div>\n<\/div>\n\n\n\n<div class=\"wp-block-column is-layout-flow wp-block-column-is-layout-flow\">\n<figure class=\"wp-block-image size-full is-style-rounded is-style-rounded--7\"><a href=\"https:\/\/thecuc.carnet.hr\/2024\/jakov-kis-2\/\" target=\"_blank\" rel=\"noopener\"><img loading=\"lazy\" decoding=\"async\" width=\"468\" height=\"263\" src=\"https:\/\/thecuc.carnet.hr\/2024\/wp-content\/uploads\/2024\/10\/Jakov-Kis\u030c.jpg\" alt=\"\" class=\"wp-image-214\" style=\"aspect-ratio:3\/4;object-fit:cover\" srcset=\"https:\/\/thecuc.carnet.hr\/2024\/wp-content\/uploads\/2024\/10\/Jakov-Kis\u030c.jpg 468w, https:\/\/thecuc.carnet.hr\/2024\/wp-content\/uploads\/2024\/10\/Jakov-Kis\u030c-300x169.jpg 300w\" sizes=\"auto, (max-width: 468px) 100vw, 468px\" \/><\/a><\/figure>\n\n\n\n<div class=\"wp-block-group is-vertical is-content-justification-center is-nowrap is-layout-flex wp-container-core-group-is-layout-63bfd6c1 wp-block-group-is-layout-flex\">\n<p class=\"has-text-align-center has-small-font-size\"><strong><a href=\"https:\/\/thecuc.carnet.hr\/2024\/jakov-kis-2\/\" data-type=\"page\" data-id=\"236\" target=\"_blank\" rel=\"noreferrer noopener\">Jakov Ki\u0161<\/a><\/strong><\/p>\n\n\n\n<p class=\"has-text-align-center has-small-font-size\"><\/p>\n<\/div>\n<\/div>\n\n\n\n<div class=\"wp-block-column is-layout-flow wp-block-column-is-layout-flow\">\n<figure class=\"wp-block-image aligncenter size-full is-style-rounded is-style-rounded--8\"><a href=\"https:\/\/thecuc.carnet.hr\/2024\/ana-smoljo-2\/\" target=\"_blank\" rel=\"noopener\"><img loading=\"lazy\" decoding=\"async\" width=\"451\" height=\"338\" src=\"https:\/\/thecuc.carnet.hr\/2024\/wp-content\/uploads\/2024\/10\/Ana-Smoljo.jpg\" alt=\"\" class=\"wp-image-210\" style=\"aspect-ratio:3\/4;object-fit:cover\" srcset=\"https:\/\/thecuc.carnet.hr\/2024\/wp-content\/uploads\/2024\/10\/Ana-Smoljo.jpg 451w, https:\/\/thecuc.carnet.hr\/2024\/wp-content\/uploads\/2024\/10\/Ana-Smoljo-300x225.jpg 300w\" sizes=\"auto, (max-width: 451px) 100vw, 451px\" \/><\/a><\/figure>\n\n\n\n<div class=\"wp-block-group is-vertical is-content-justification-center is-nowrap is-layout-flex wp-container-core-group-is-layout-21d4e958 wp-block-group-is-layout-flex\">\n<p class=\"has-text-align-center has-small-font-size\"><strong><a href=\"https:\/\/thecuc.carnet.hr\/2024\/ana-smoljo-2\/\" data-type=\"page\" data-id=\"224\" target=\"_blank\" rel=\"noreferrer noopener\">Ana Smoljo<\/a><\/strong><\/p>\n\n\n\n<p class=\"has-text-align-center has-small-font-size\"><\/p>\n<\/div>\n<\/div>\n<\/div>\n<\/div>\n","protected":false},"excerpt":{"rendered":"<p>Programski odbor Marijana Pezelj Hrvoje Puljiz Ivan \u0160abi\u0107 Darko Etinger Lidija Jakov\u010di\u0107 Mirta Jane\u0161 Jakov Ki\u0161 Ana Smoljo<\/p>\n","protected":false},"author":1,"featured_media":0,"parent":0,"menu_order":0,"comment_status":"closed","ping_status":"closed","template":"","meta":{"footnotes":""},"class_list":["post-102","page","type-page","status-publish","hentry"],"_links":{"self":[{"href":"https:\/\/thecuc.carnet.hr\/2024\/wp-json\/wp\/v2\/pages\/102","targetHints":{"allow":["GET"]}}],"collection":[{"href":"https:\/\/thecuc.carnet.hr\/2024\/wp-json\/wp\/v2\/pages"}],"about":[{"href":"https:\/\/thecuc.carnet.hr\/2024\/wp-json\/wp\/v2\/types\/page"}],"author":[{"embeddable":true,"href":"https:\/\/thecuc.carnet.hr\/2024\/wp-json\/wp\/v2\/users\/1"}],"replies":[{"embeddable":true,"href":"https:\/\/thecuc.carnet.hr\/2024\/wp-json\/wp\/v2\/comments?post=102"}],"version-history":[{"count":12,"href":"https:\/\/thecuc.carnet.hr\/2024\/wp-json\/wp\/v2\/pages\/102\/revisions"}],"predecessor-version":[{"id":254,"href":"https:\/\/thecuc.carnet.hr\/2024\/wp-json\/wp\/v2\/pages\/102\/revisions\/254"}],"wp:attachment":[{"href":"https:\/\/thecuc.carnet.hr\/2024\/wp-json\/wp\/v2\/media?parent=102"}],"curies":[{"name":"wp","href":"https:\/\/api.w.org\/{rel}","templated":true}]}}