{"id":419,"date":"2023-05-31T11:41:10","date_gmt":"2023-05-31T09:41:10","guid":{"rendered":"https:\/\/thecuc.carnet.hr\/2023\/?page_id=419"},"modified":"2023-10-23T09:39:50","modified_gmt":"2023-10-23T07:39:50","slug":"formati-prijave","status":"publish","type":"page","link":"https:\/\/thecuc.carnet.hr\/2023\/?page_id=419","title":{"rendered":"Formati prijave"},"content":{"rendered":"\t\t<div data-elementor-type=\"wp-page\" data-elementor-id=\"419\" class=\"elementor elementor-419\">\n\t\t\t\t\t\t\t\t\t<section class=\"elementor-section elementor-top-section elementor-element elementor-element-55889f96 elementor-section-height-min-height elementor-section-boxed elementor-section-height-default elementor-section-items-middle\" data-id=\"55889f96\" data-element_type=\"section\" data-settings=\"{&quot;background_background&quot;:&quot;classic&quot;}\" data-e-bg-lazyload=\"\">\n\t\t\t\t\t\t\t<div class=\"elementor-background-overlay\"><\/div>\n\t\t\t\t\t\t\t<div class=\"elementor-container elementor-column-gap-default\">\n\t\t\t\t\t<div class=\"elementor-column elementor-col-100 elementor-top-column elementor-element elementor-element-7a5cbb11\" data-id=\"7a5cbb11\" data-element_type=\"column\" data-settings=\"{&quot;background_background&quot;:&quot;classic&quot;}\">\n\t\t\t<div class=\"elementor-widget-wrap\">\n\t\t\t\t\t\t\t\t\t<\/div>\n\t\t<\/div>\n\t\t\t\t\t\t\t<\/div>\n\t\t<\/section>\n\t\t\t\t<section class=\"elementor-section elementor-top-section elementor-element elementor-element-56301a08 elementor-section-height-min-height elementor-section-items-stretch elementor-section-boxed elementor-section-height-default\" data-id=\"56301a08\" data-element_type=\"section\">\n\t\t\t\t\t\t<div class=\"elementor-container elementor-column-gap-default\">\n\t\t\t\t\t<div class=\"elementor-column elementor-col-100 elementor-top-column elementor-element elementor-element-3f02e52d\" data-id=\"3f02e52d\" data-element_type=\"column\" data-settings=\"{&quot;background_background&quot;:&quot;classic&quot;}\">\n\t\t\t<div class=\"elementor-widget-wrap elementor-element-populated\">\n\t\t\t\t\t\t\t\t<div class=\"elementor-element elementor-element-2c2c05e9 elementor-widget elementor-widget-heading\" data-id=\"2c2c05e9\" data-element_type=\"widget\" data-widget_type=\"heading.default\">\n\t\t\t\t<div class=\"elementor-widget-container\">\n\t\t\t<style>\/*! elementor - v3.13.3 - 22-05-2023 *\/\n.elementor-heading-title{padding:0;margin:0;line-height:1}.elementor-widget-heading .elementor-heading-title[class*=elementor-size-]>a{color:inherit;font-size:inherit;line-height:inherit}.elementor-widget-heading .elementor-heading-title.elementor-size-small{font-size:15px}.elementor-widget-heading .elementor-heading-title.elementor-size-medium{font-size:19px}.elementor-widget-heading .elementor-heading-title.elementor-size-large{font-size:29px}.elementor-widget-heading .elementor-heading-title.elementor-size-xl{font-size:39px}.elementor-widget-heading .elementor-heading-title.elementor-size-xxl{font-size:59px}<\/style><h3 class=\"elementor-heading-title elementor-size-default\">THE CUC 2023<\/h3>\t\t<\/div>\n\t\t\t\t<\/div>\n\t\t\t\t<div class=\"elementor-element elementor-element-83df92f elementor-widget elementor-widget-heading\" data-id=\"83df92f\" data-element_type=\"widget\" data-widget_type=\"heading.default\">\n\t\t\t\t<div class=\"elementor-widget-container\">\n\t\t\t<h1 class=\"elementor-heading-title elementor-size-default\">formati prijave<\/h1>\t\t<\/div>\n\t\t\t\t<\/div>\n\t\t\t\t\t<\/div>\n\t\t<\/div>\n\t\t\t\t\t\t\t<\/div>\n\t\t<\/section>\n\t\t\t\t<section class=\"elementor-section elementor-top-section elementor-element elementor-element-37a626b9 elementor-section-boxed elementor-section-height-default elementor-section-height-default\" data-id=\"37a626b9\" data-element_type=\"section\">\n\t\t\t\t\t\t<div class=\"elementor-container elementor-column-gap-narrow\">\n\t\t\t\t\t<div class=\"elementor-column elementor-col-100 elementor-top-column elementor-element elementor-element-549bfb51\" data-id=\"549bfb51\" data-element_type=\"column\">\n\t\t\t<div class=\"elementor-widget-wrap elementor-element-populated\">\n\t\t\t\t\t\t\t\t<div class=\"elementor-element elementor-element-19ea3e5e elementor-widget elementor-widget-spacer\" data-id=\"19ea3e5e\" data-element_type=\"widget\" data-widget_type=\"spacer.default\">\n\t\t\t\t<div class=\"elementor-widget-container\">\n\t\t\t<style>\/*! elementor - v3.13.3 - 22-05-2023 *\/\n.elementor-column .elementor-spacer-inner{height:var(--spacer-size)}.e-con{--container-widget-width:100%}.e-con-inner>.elementor-widget-spacer,.e-con>.elementor-widget-spacer{width:var(--container-widget-width,var(--spacer-size));--align-self:var(--container-widget-align-self,initial);--flex-shrink:0}.e-con-inner>.elementor-widget-spacer>.elementor-widget-container,.e-con-inner>.elementor-widget-spacer>.elementor-widget-container>.elementor-spacer,.e-con>.elementor-widget-spacer>.elementor-widget-container,.e-con>.elementor-widget-spacer>.elementor-widget-container>.elementor-spacer{height:100%}.e-con-inner>.elementor-widget-spacer>.elementor-widget-container>.elementor-spacer>.elementor-spacer-inner,.e-con>.elementor-widget-spacer>.elementor-widget-container>.elementor-spacer>.elementor-spacer-inner{height:var(--container-widget-height,var(--spacer-size))}<\/style>\t\t<div class=\"elementor-spacer\">\n\t\t\t<div class=\"elementor-spacer-inner\"><\/div>\n\t\t<\/div>\n\t\t\t\t<\/div>\n\t\t\t\t<\/div>\n\t\t\t\t\t<\/div>\n\t\t<\/div>\n\t\t\t\t\t\t\t<\/div>\n\t\t<\/section>\n\t\t\t\t<section class=\"elementor-section elementor-top-section elementor-element elementor-element-e4a6f9d elementor-section-boxed elementor-section-height-default elementor-section-height-default\" data-id=\"e4a6f9d\" data-element_type=\"section\">\n\t\t\t\t\t\t<div class=\"elementor-container elementor-column-gap-default\">\n\t\t\t\t\t<div class=\"elementor-column elementor-col-100 elementor-top-column elementor-element elementor-element-3bb5f58b\" data-id=\"3bb5f58b\" data-element_type=\"column\">\n\t\t\t<div class=\"elementor-widget-wrap elementor-element-populated\">\n\t\t\t\t\t\t\t\t<div class=\"elementor-element elementor-element-cbb6524 elementor-widget elementor-widget-text-editor\" data-id=\"cbb6524\" data-element_type=\"widget\" data-widget_type=\"text-editor.default\">\n\t\t\t\t<div class=\"elementor-widget-container\">\n\t\t\t<style>\/*! elementor - v3.13.3 - 22-05-2023 *\/\n.elementor-widget-text-editor.elementor-drop-cap-view-stacked .elementor-drop-cap{background-color:#69727d;color:#fff}.elementor-widget-text-editor.elementor-drop-cap-view-framed .elementor-drop-cap{color:#69727d;border:3px solid;background-color:transparent}.elementor-widget-text-editor:not(.elementor-drop-cap-view-default) .elementor-drop-cap{margin-top:8px}.elementor-widget-text-editor:not(.elementor-drop-cap-view-default) .elementor-drop-cap-letter{width:1em;height:1em}.elementor-widget-text-editor .elementor-drop-cap{float:left;text-align:center;line-height:1;font-size:50px}.elementor-widget-text-editor .elementor-drop-cap-letter{display:inline-block}<\/style>\t\t\t\t<h2>Izlaganje<\/h2>\n<p>Izlaganje je format prezentacije koji zahtijeva prijavu sa sa\u017eetkom teme, definiranom ciljanom publikom, klju\u010dnim rije\u010dima, o\u010dekivanim ishodima u\u010denja te naznakom potrebnog predznanja.&nbsp;Predvi\u0111eno vrijeme za izlaganje je 10 minuta. U to vrijeme uklju\u010dena su i pitanja publike.<\/p>\n<h2>Predlo\u017eite sesiju<\/h2>\n<p>Ako \u017eelite da se pokrije neka posebna tema, pozivamo vas da predlo\u017eite posebnu sesiju u kojoj Vi i Va\u0161i\/e kolege\/ice mo\u017eete podijeliti originalne ideje i raspravljati o njima s publikom.&nbsp;<\/p>\n<h2>BoF (Birds of a Feather)<\/h2>\n<p>BoF je oblik konferencijskog doga\u0111anja koje omogu\u0107ava neformalno okru\u017eenje za razgovor o temi koja je zajedni\u010dka i interesantna odre\u0111enom broju sudionika. Za razliku od prezentacija, okruglih stolova ili radionica koji su obi\u010dno stro\u017ee strukture, BoF-ovi su prilika za neformalnu raspravu u kojoj svatko mo\u017ee ravnopravno sudjelovati i doprinijeti svojim razmi\u0161ljanjima, idejama, iskustvima i prijedlozima. Upravo vas zato pozivamo da se svojim prijedlozima tema za diskusiju ravnopravno uklju\u010dite i u osmi\u0161ljavanje programa. Radujemo se zajedni\u010dkom promi\u0161ljanju!<\/p>\n<p><strong>Predvi\u0111eno vrijeme za odr\u017eavanje BOF-a je 90 minuta.<\/strong><\/p>\n<p>Kako uobli\u010diti prijavu za BoF?<\/p>\n<ul>\n<li>definirati naziv, zna\u010daj i relevantnost teme \/ trenda<\/li>\n<li>navesti trajanje &#8211; 45 ili 90 minuta<\/li>\n<li>navesti ishode u\u010denja za polaznike radionice (prikazati iz perspektive polaznika): \u0160to \u0107e polaznici nau\u010diti nakon sudjelovanja u diskusiji?<\/li>\n<li>definirati ciljane grupe: Kome je BoF namijenjen? Kakvog su profila o\u010dekivani polaznici?<\/li>\n<li>navesti voditelja diskusije i objasniti kako njegova stru\u010dnost, znanje, iskustvo, konstruktivnost, doprinose diskusiji<\/li>\n<li>navesti na\u010dine poticanja sudjelovanja publike<\/li>\n<li>klju\u010dne rije\u010di.<\/li>\n<\/ul>\n<h2>Radionica<\/h2>\n<p>Radionica je format u kojem autor prezentira te putem raznih alata prenosi znanje sudionicima koji aktivno i prakti\u010dno sudjeluju.<\/p>\n<p>Predvi\u0111eno vrijeme za odr\u017eavanje radionice je 90 minuta, a to vrijeme uklju\u010duje i pitanja publike.<\/p>\n<p><strong>Kako uobli\u010diti prijavu za radionicu? <\/strong><\/p>\n<ul>\n<li>navesti ishode u\u010denja za polaznike radionice (prikazati iz perspektive polaznika): \u0160to \u0107e polaznici nau\u010diti\/svladati\/biti sposobni napraviti nakon poha\u0111anja radionice. Primjerice, nakon poha\u0111anja radionice o Moodle-u polaznici \u0107e mo\u0107i: ulogirati se, pregledavati materijale, koristiti forum i kalendar te predati zadatak.<\/li>\n<li>definirati ciljane grupe: Kome je radionica namijenjena? Kakvog su profila o\u010dekivani polaznici?<\/li>\n<li>definirati potrebna predznanja polaznika radionice: Koja su prethodno ste\u010dena znanja, vje\u0161tine ili iskustva neophodna?<\/li>\n<li>definirati razinu predznanja: osnovna, srednja ili napredna?<\/li>\n<li>odrediti veli\u010dinu grupe: Koji je minimalan broj prijavljenih polaznika ispod kojeg se radionica ne\u0107e odr\u017eati? Koji je maksimalan broj polaznika?<\/li>\n<li>predstaviti metode koje \u0107e se koristiti:\n<ul>\n<li>predavanje<\/li>\n<li>prezentacija s predava\u010dkog ra\u010dunala<\/li>\n<li>grupni rad polaznika, uz kori\u0161tenje ra\u010dunala ili bez<\/li>\n<li>individualni rad polaznika, na ra\u010dunalu ili bez<\/li>\n<li>neki drugi oblik rada (koji?)<\/li>\n<\/ul>\n<\/li>\n<li>klju\u010dne rije\u010di.<\/li>\n<\/ul>\n<div>\n<h2>Panel rasprava<\/h2>\n<p>Prijava panel rasprave treba sadr\u017eavati:&nbsp;<\/p>\n<ul>\n<li aria-level=\"1\">naslov panel rasprave&nbsp;<\/li>\n<\/ul>\n<ul>\n<li aria-level=\"1\">govornike (potrebno je navesti diskutanta\/icu i paneliste\/ice. Maksimalan broj panelista je \u010detiri, dok je diskutant\/ica jedan\/na.)&nbsp;&nbsp;<\/li>\n<\/ul>\n<ul>\n<li aria-level=\"1\">ishode u\u010denja za polaznike panela (ishode je potrebno formulirati iz perspektive polaznika: \u0160to \u0107e polaznici nau\u010diti na panelu?)&nbsp;<\/li>\n<\/ul>\n<ul>\n<li aria-level=\"1\">definiranu ciljanu grupu (kome je panel namijenjen? Kojeg su profila o\u010dekivani polaznici?)&nbsp;<\/li>\n<\/ul>\n<ul>\n<li aria-level=\"1\">potrebna predznanja polaznika panela (koja su prethodno ste\u010dena znanja, vje\u0161tine ili iskustva neophodna i\/ili bitna za poha\u0111anje panela?)&nbsp;<\/li>\n<\/ul>\n<ul>\n<li aria-level=\"1\">potrebna razinu predznanja (osnovna\/srednja\/napredna)&nbsp;<\/li>\n<\/ul>\n<ul>\n<li aria-level=\"1\">klju\u010dne rije\u010di.<\/li>\n<\/ul>\n<p>Kriteriji za evaluaciju panel rasprave:&nbsp;<\/p>\n<ul>\n<li aria-level=\"1\">Aktualnost i a\u017eurnost teme \u2013 radi li se o aktualnom problemu?<\/li>\n<\/ul>\n<ul>\n<li aria-level=\"1\">Doprinos konferenciji \u2013 ho\u0107e li panel dati zna\u010dajan doprinos temama konferencije?<\/li>\n<\/ul>\n<ul>\n<li aria-level=\"1\">Relevantnost panelista \/ panelistica \u2013 znanje, iskustvo, konstruktivnost, raznolikost u odnosu na tematske, institucionalne, geografske i demografske karakteristike (npr. radno mjesto, spol).&nbsp;&nbsp;<\/li>\n<\/ul>\n<ul>\n<li aria-level=\"1\">Ostavljanje dojma na publiku \u2013 imaju li panelisti \/ panelistice potencijal utjecati na publiku, dokazuje li njihov \u017eivotopis iskustvo da su sudjelovali na sli\u010dnim doga\u0111anjima (npr. panelima, radionicama, konferencijama).&nbsp;<\/li>\n<\/ul>\n<ul>\n<li aria-level=\"1\">Pristup \u2013&nbsp; ho\u0107e li panelisti omogu\u0107iti uklju\u010divanje razli\u010ditih perspektiva te potaknuti sudjelovanje publike?&nbsp;<\/li>\n<\/ul>\n<ul>\n<li aria-level=\"1\">Jasno\u0107a \u2013 prijedlog treba biti jasan, potpun i artikuliran.&nbsp;<\/li>\n<\/ul>\n<\/div>\n<div><span style=\"font-family: -apple-system, BlinkMacSystemFont, Segoe UI, Roboto, Oxygen-Sans, Ubuntu, Cantarell, Helvetica Neue, sans-serif;\">&nbsp;<\/span><\/div>\t\t\t\t\t\t<\/div>\n\t\t\t\t<\/div>\n\t\t\t\t\t<\/div>\n\t\t<\/div>\n\t\t\t\t\t\t\t<\/div>\n\t\t<\/section>\n\t\t\t\t\t\t\t<\/div>\n\t\t","protected":false},"excerpt":{"rendered":"<p>THE CUC 2023 formati prijave Izlaganje Izlaganje je format prezentacije koji zahtijeva prijavu sa sa\u017eetkom teme, definiranom ciljanom publikom, klju\u010dnim rije\u010dima, o\u010dekivanim ishodima u\u010denja te naznakom potrebnog predznanja.&nbsp;Predvi\u0111eno vrijeme za izlaganje je 10 minuta. U to vrijeme uklju\u010dena su i pitanja publike. Predlo\u017eite sesiju Ako \u017eelite da se pokrije neka posebna tema, pozivamo vas da&hellip; <a class=\"more-link\" href=\"https:\/\/thecuc.carnet.hr\/2023\/?page_id=419\">Nastavi \u010ditati <span class=\"screen-reader-text\">Formati prijave<\/span><\/a><\/p>\n","protected":false},"author":2,"featured_media":0,"parent":0,"menu_order":0,"comment_status":"closed","ping_status":"closed","template":"elementor_header_footer","meta":{"footnotes":""},"class_list":["post-419","page","type-page","status-publish","hentry","entry"],"_links":{"self":[{"href":"https:\/\/thecuc.carnet.hr\/2023\/index.php?rest_route=\/wp\/v2\/pages\/419","targetHints":{"allow":["GET"]}}],"collection":[{"href":"https:\/\/thecuc.carnet.hr\/2023\/index.php?rest_route=\/wp\/v2\/pages"}],"about":[{"href":"https:\/\/thecuc.carnet.hr\/2023\/index.php?rest_route=\/wp\/v2\/types\/page"}],"author":[{"embeddable":true,"href":"https:\/\/thecuc.carnet.hr\/2023\/index.php?rest_route=\/wp\/v2\/users\/2"}],"replies":[{"embeddable":true,"href":"https:\/\/thecuc.carnet.hr\/2023\/index.php?rest_route=%2Fwp%2Fv2%2Fcomments&post=419"}],"version-history":[{"count":13,"href":"https:\/\/thecuc.carnet.hr\/2023\/index.php?rest_route=\/wp\/v2\/pages\/419\/revisions"}],"predecessor-version":[{"id":1370,"href":"https:\/\/thecuc.carnet.hr\/2023\/index.php?rest_route=\/wp\/v2\/pages\/419\/revisions\/1370"}],"wp:attachment":[{"href":"https:\/\/thecuc.carnet.hr\/2023\/index.php?rest_route=%2Fwp%2Fv2%2Fmedia&parent=419"}],"curies":[{"name":"wp","href":"https:\/\/api.w.org\/{rel}","templated":true}]}}