{"id":1873,"date":"2023-11-07T10:44:12","date_gmt":"2023-11-07T09:44:12","guid":{"rendered":"https:\/\/thecuc.carnet.hr\/2023\/?page_id=1873"},"modified":"2023-11-07T14:22:24","modified_gmt":"2023-11-07T13:22:24","slug":"dogadanja","status":"publish","type":"page","link":"https:\/\/thecuc.carnet.hr\/2023\/?page_id=1873","title":{"rendered":"Doga\u0111anja"},"content":{"rendered":"\t\t<div data-elementor-type=\"wp-page\" data-elementor-id=\"1873\" class=\"elementor elementor-1873\">\n\t\t\t\t\t\t\t\t\t<section class=\"elementor-section elementor-top-section elementor-element elementor-element-66243bd elementor-section-boxed elementor-section-height-default elementor-section-height-default\" data-id=\"66243bd\" data-element_type=\"section\">\n\t\t\t\t\t\t<div class=\"elementor-container elementor-column-gap-default\">\n\t\t\t\t\t<div class=\"elementor-column elementor-col-100 elementor-top-column elementor-element elementor-element-87ca6be\" data-id=\"87ca6be\" data-element_type=\"column\">\n\t\t\t<div class=\"elementor-widget-wrap elementor-element-populated\">\n\t\t\t\t\t\t\t\t<div class=\"elementor-element elementor-element-c034dda elementor-widget elementor-widget-heading\" data-id=\"c034dda\" data-element_type=\"widget\" data-widget_type=\"heading.default\">\n\t\t\t\t<div class=\"elementor-widget-container\">\n\t\t\t<style>\/*! elementor - v3.13.3 - 22-05-2023 *\/\n.elementor-heading-title{padding:0;margin:0;line-height:1}.elementor-widget-heading .elementor-heading-title[class*=elementor-size-]>a{color:inherit;font-size:inherit;line-height:inherit}.elementor-widget-heading .elementor-heading-title.elementor-size-small{font-size:15px}.elementor-widget-heading .elementor-heading-title.elementor-size-medium{font-size:19px}.elementor-widget-heading .elementor-heading-title.elementor-size-large{font-size:29px}.elementor-widget-heading .elementor-heading-title.elementor-size-xl{font-size:39px}.elementor-widget-heading .elementor-heading-title.elementor-size-xxl{font-size:59px}<\/style><h2 class=\"elementor-heading-title elementor-size-large\">Filmski kviz<\/h2>\t\t<\/div>\n\t\t\t\t<\/div>\n\t\t\t\t\t<\/div>\n\t\t<\/div>\n\t\t\t\t\t\t\t<\/div>\n\t\t<\/section>\n\t\t\t\t<section class=\"elementor-section elementor-top-section elementor-element elementor-element-0a39677 elementor-section-boxed elementor-section-height-default elementor-section-height-default\" data-id=\"0a39677\" data-element_type=\"section\">\n\t\t\t\t\t\t<div class=\"elementor-container elementor-column-gap-default\">\n\t\t\t\t\t<div class=\"elementor-column elementor-col-100 elementor-top-column elementor-element elementor-element-774d117\" data-id=\"774d117\" data-element_type=\"column\">\n\t\t\t<div class=\"elementor-widget-wrap elementor-element-populated\">\n\t\t\t\t\t\t\t\t<div class=\"elementor-element elementor-element-1b633de elementor-widget elementor-widget-text-editor\" data-id=\"1b633de\" data-element_type=\"widget\" data-widget_type=\"text-editor.default\">\n\t\t\t\t<div class=\"elementor-widget-container\">\n\t\t\t<style>\/*! elementor - v3.13.3 - 22-05-2023 *\/\n.elementor-widget-text-editor.elementor-drop-cap-view-stacked .elementor-drop-cap{background-color:#69727d;color:#fff}.elementor-widget-text-editor.elementor-drop-cap-view-framed .elementor-drop-cap{color:#69727d;border:3px solid;background-color:transparent}.elementor-widget-text-editor:not(.elementor-drop-cap-view-default) .elementor-drop-cap{margin-top:8px}.elementor-widget-text-editor:not(.elementor-drop-cap-view-default) .elementor-drop-cap-letter{width:1em;height:1em}.elementor-widget-text-editor .elementor-drop-cap{float:left;text-align:center;line-height:1;font-size:50px}.elementor-widget-text-editor .elementor-drop-cap-letter{display:inline-block}<\/style>\t\t\t\t<p>Poka\u017eite da ste pravi filmofil i oku\u0161ajte se u filmskom kvizu kojeg \u0107e voditi Jurica Hi\u017eak.&nbsp;<\/p>\n<p>Kviz \u0107e se odr\u017eati <strong>u utorak, 7. 11. s po\u010detkom u 21 sat<\/strong> u dvorani Artemida.&nbsp;<\/p>\n<p>Kako se prijaviti? Upi\u0161ite naziv svog tima (od 5 \u010dlanova\/ica) na listu koja \u0107e biti izvje\u0161ena na ulazu u dvoranu Artemida.&nbsp;<\/p>\n<p>Ako nemate tim, upi\u0161ite svoje ime i prezime pa \u0107emo vas na licu mjesta spojiti s drugim osobama koje nisu \u010dlanovi nijednog tima,&nbsp;<span style=\"color: var( --e-global-color-text ); font-family: var( --e-global-typography-text-font-family ), Sans-serif; font-size: var( --e-global-typography-text-font-size ); font-weight: var( --e-global-typography-text-font-weight ); text-transform: var( --e-global-typography-text-text-transform ); background-color: var( --e-global-color-6fbcf51 );\">u slu\u010daju da sva mjesta nisu zauzeta.&nbsp;<\/span><\/p>\n<p>Broj sudionika je ograni\u010den na<strong> 50&nbsp;<\/strong><strong>(10 timova po 5 \u010dlanova).&nbsp;<\/strong><\/p>\t\t\t\t\t\t<\/div>\n\t\t\t\t<\/div>\n\t\t\t\t\t<\/div>\n\t\t<\/div>\n\t\t\t\t\t\t\t<\/div>\n\t\t<\/section>\n\t\t\t\t<section class=\"elementor-section elementor-top-section elementor-element elementor-element-4ccef06 elementor-section-boxed elementor-section-height-default elementor-section-height-default\" data-id=\"4ccef06\" data-element_type=\"section\">\n\t\t\t\t\t\t<div class=\"elementor-container elementor-column-gap-default\">\n\t\t\t\t\t<div class=\"elementor-column elementor-col-100 elementor-top-column elementor-element elementor-element-4196a34\" data-id=\"4196a34\" data-element_type=\"column\">\n\t\t\t<div class=\"elementor-widget-wrap elementor-element-populated\">\n\t\t\t\t\t\t\t\t<div class=\"elementor-element elementor-element-d90d749 elementor-widget elementor-widget-heading\" data-id=\"d90d749\" data-element_type=\"widget\" data-widget_type=\"heading.default\">\n\t\t\t\t<div class=\"elementor-widget-container\">\n\t\t\t<h2 class=\"elementor-heading-title elementor-size-large\">trash film Riffs of revolution<\/h2>\t\t<\/div>\n\t\t\t\t<\/div>\n\t\t\t\t\t<\/div>\n\t\t<\/div>\n\t\t\t\t\t\t\t<\/div>\n\t\t<\/section>\n\t\t\t\t<section class=\"elementor-section elementor-top-section elementor-element elementor-element-31eac7f elementor-section-boxed elementor-section-height-default elementor-section-height-default\" data-id=\"31eac7f\" data-element_type=\"section\">\n\t\t\t\t\t\t<div class=\"elementor-container elementor-column-gap-default\">\n\t\t\t\t\t<div class=\"elementor-column elementor-col-100 elementor-top-column elementor-element elementor-element-619bcb1\" data-id=\"619bcb1\" data-element_type=\"column\">\n\t\t\t<div class=\"elementor-widget-wrap elementor-element-populated\">\n\t\t\t\t\t\t\t\t<div class=\"elementor-element elementor-element-b6ce3f0 elementor-widget elementor-widget-text-editor\" data-id=\"b6ce3f0\" data-element_type=\"widget\" data-widget_type=\"text-editor.default\">\n\t\t\t\t<div class=\"elementor-widget-container\">\n\t\t\t\t\t\t\t<p>Ne propustite projekciju filma Riffs of revolution redatelja i scenarista Jurice Hi\u017eaka <strong>u srijedu, 8. 11.\u00a0 u 21 sat<\/strong> u dvorani Olympia u hotelu Olympia.\u00a0<\/p>\t\t\t\t\t\t<\/div>\n\t\t\t\t<\/div>\n\t\t\t\t\t<\/div>\n\t\t<\/div>\n\t\t\t\t\t\t\t<\/div>\n\t\t<\/section>\n\t\t\t\t<section class=\"elementor-section elementor-top-section elementor-element elementor-element-4b0538e elementor-section-boxed elementor-section-height-default elementor-section-height-default\" data-id=\"4b0538e\" data-element_type=\"section\">\n\t\t\t\t\t\t<div class=\"elementor-container elementor-column-gap-default\">\n\t\t\t\t\t<div class=\"elementor-column elementor-col-100 elementor-top-column elementor-element elementor-element-69f044e\" data-id=\"69f044e\" data-element_type=\"column\">\n\t\t\t<div class=\"elementor-widget-wrap elementor-element-populated\">\n\t\t\t\t\t\t\t\t<div class=\"elementor-element elementor-element-d59413d elementor-widget elementor-widget-video\" data-id=\"d59413d\" data-element_type=\"widget\" data-settings=\"{&quot;youtube_url&quot;:&quot;https:\\\/\\\/youtu.be\\\/D_RXnqtbK9U?feature=shared&quot;,&quot;video_type&quot;:&quot;youtube&quot;,&quot;controls&quot;:&quot;yes&quot;}\" data-widget_type=\"video.default\">\n\t\t\t\t<div class=\"elementor-widget-container\">\n\t\t\t<style>\/*! elementor - v3.13.3 - 22-05-2023 *\/\n.elementor-widget-video .elementor-widget-container{overflow:hidden;transform:translateZ(0)}.elementor-widget-video .elementor-wrapper{aspect-ratio:var(--video-aspect-ratio)}.elementor-widget-video .elementor-wrapper iframe,.elementor-widget-video .elementor-wrapper video{height:100%;width:100%;display:flex;border:none;background-color:#000}@supports not (aspect-ratio:1\/1){.elementor-widget-video .elementor-wrapper{position:relative;overflow:hidden;height:0;padding-bottom:calc(100% \/ var(--video-aspect-ratio))}.elementor-widget-video .elementor-wrapper iframe,.elementor-widget-video .elementor-wrapper video{position:absolute;top:0;right:0;bottom:0;left:0}}.elementor-widget-video .elementor-open-inline .elementor-custom-embed-image-overlay{position:absolute;top:0;left:0;width:100%;height:100%;background-size:cover;background-position:50%}.elementor-widget-video .elementor-custom-embed-image-overlay{cursor:pointer;text-align:center}.elementor-widget-video .elementor-custom-embed-image-overlay:hover .elementor-custom-embed-play i{opacity:1}.elementor-widget-video .elementor-custom-embed-image-overlay img{display:block;width:100%}.elementor-widget-video .e-hosted-video .elementor-video{-o-object-fit:cover;object-fit:cover}.e-con-inner>.elementor-widget-video,.e-con>.elementor-widget-video{width:var(--container-widget-width);--flex-grow:var(--container-widget-flex-grow)}<\/style>\t\t<div class=\"elementor-wrapper elementor-open-inline\">\n\t\t\t<div class=\"elementor-video\"><\/div>\t\t<\/div>\n\t\t\t\t<\/div>\n\t\t\t\t<\/div>\n\t\t\t\t\t<\/div>\n\t\t<\/div>\n\t\t\t\t\t\t\t<\/div>\n\t\t<\/section>\n\t\t\t\t<section class=\"elementor-section elementor-top-section elementor-element elementor-element-76b1c81 elementor-section-boxed elementor-section-height-default elementor-section-height-default\" data-id=\"76b1c81\" data-element_type=\"section\">\n\t\t\t\t\t\t<div class=\"elementor-container elementor-column-gap-default\">\n\t\t\t\t\t<div class=\"elementor-column elementor-col-100 elementor-top-column elementor-element elementor-element-49f9036\" data-id=\"49f9036\" data-element_type=\"column\">\n\t\t\t<div class=\"elementor-widget-wrap elementor-element-populated\">\n\t\t\t\t\t\t\t\t<div class=\"elementor-element elementor-element-27927b1 elementor-widget elementor-widget-heading\" data-id=\"27927b1\" data-element_type=\"widget\" data-widget_type=\"heading.default\">\n\t\t\t\t<div class=\"elementor-widget-container\">\n\t\t\t<h2 class=\"elementor-heading-title elementor-size-large\">kviz s moranom<\/h2>\t\t<\/div>\n\t\t\t\t<\/div>\n\t\t\t\t\t<\/div>\n\t\t<\/div>\n\t\t\t\t\t\t\t<\/div>\n\t\t<\/section>\n\t\t\t\t<section class=\"elementor-section elementor-top-section elementor-element elementor-element-bb68895 elementor-section-boxed elementor-section-height-default elementor-section-height-default\" data-id=\"bb68895\" data-element_type=\"section\">\n\t\t\t\t\t\t<div class=\"elementor-container elementor-column-gap-default\">\n\t\t\t\t\t<div class=\"elementor-column elementor-col-100 elementor-top-column elementor-element elementor-element-f2a92b1\" data-id=\"f2a92b1\" data-element_type=\"column\">\n\t\t\t<div class=\"elementor-widget-wrap elementor-element-populated\">\n\t\t\t\t\t\t\t\t<div class=\"elementor-element elementor-element-5eb2392 elementor-widget elementor-widget-text-editor\" data-id=\"5eb2392\" data-element_type=\"widget\" data-widget_type=\"text-editor.default\">\n\t\t\t\t<div class=\"elementor-widget-container\">\n\t\t\t\t\t\t\t<p>Svi ljubitelji kvizova do\u0107i \u0107e na svoje jer se uz filmski kviz, na THECUC 2023 odr\u017eava i kviz s Moranom Zibar.\u00a0<\/p><p>Svoje \u0107e znanje kviza\u0161i mo\u0107i pokazati <strong>u \u010detvrtak, 9. 11.\u00a0 s po\u010detkom u 21 sat<\/strong> u dvorani Artemida u hotelu Olympia.<\/p><p>Oni koji \u017eele sudjelovati na kvizu trebaju prijaviti svoj tim (od 5 \u010dlanova\/ica) upisom naziva tima na listu koja \u0107e biti izvje\u0161ena na ulazu u dvoranu Artemida.\u00a0<\/p><p>Ako nemate tim, upi\u0161ite svoje ime i prezime pa \u0107emo vas na licu mjesta spojiti s drugim osobama koje nisu \u010dlanovi nijednog tima, u slu\u010daju da sva mjesta nisu zauzeta.\u00a0<\/p><p>Broj sudionika je ograni\u010den na<strong> 50\u00a0<\/strong><strong>(10 timova po 5 \u010dlanova).<\/strong><\/p>\t\t\t\t\t\t<\/div>\n\t\t\t\t<\/div>\n\t\t\t\t\t<\/div>\n\t\t<\/div>\n\t\t\t\t\t\t\t<\/div>\n\t\t<\/section>\n\t\t\t\t<section class=\"elementor-section elementor-top-section elementor-element elementor-element-593b2a6 elementor-section-boxed elementor-section-height-default elementor-section-height-default\" data-id=\"593b2a6\" data-element_type=\"section\">\n\t\t\t\t\t\t<div class=\"elementor-container elementor-column-gap-default\">\n\t\t\t\t\t<div class=\"elementor-column elementor-col-100 elementor-top-column elementor-element elementor-element-dde793b\" data-id=\"dde793b\" data-element_type=\"column\">\n\t\t\t<div class=\"elementor-widget-wrap elementor-element-populated\">\n\t\t\t\t\t\t\t\t<div class=\"elementor-element elementor-element-3e07f52 elementor-widget elementor-widget-heading\" data-id=\"3e07f52\" data-element_type=\"widget\" data-widget_type=\"heading.default\">\n\t\t\t\t<div class=\"elementor-widget-container\">\n\t\t\t<h2 class=\"elementor-heading-title elementor-size-large\">Futurama party<\/h2>\t\t<\/div>\n\t\t\t\t<\/div>\n\t\t\t\t\t<\/div>\n\t\t<\/div>\n\t\t\t\t\t\t\t<\/div>\n\t\t<\/section>\n\t\t\t\t<section class=\"elementor-section elementor-top-section elementor-element elementor-element-2cc1105 elementor-section-boxed elementor-section-height-default elementor-section-height-default\" data-id=\"2cc1105\" data-element_type=\"section\">\n\t\t\t\t\t\t<div class=\"elementor-container elementor-column-gap-default\">\n\t\t\t\t\t<div class=\"elementor-column elementor-col-100 elementor-top-column elementor-element elementor-element-d457d49\" data-id=\"d457d49\" data-element_type=\"column\">\n\t\t\t<div class=\"elementor-widget-wrap elementor-element-populated\">\n\t\t\t\t\t\t\t\t<div class=\"elementor-element elementor-element-7b51ee3 elementor-widget elementor-widget-text-editor\" data-id=\"7b51ee3\" data-element_type=\"widget\" data-widget_type=\"text-editor.default\">\n\t\t\t\t<div class=\"elementor-widget-container\">\n\t\t\t\t\t\t\t<p>Poka\u017eite svoj plesni talent na Futurama partyju <strong>u \u010detvrtak, 9. 11. s po\u010detkom u 22:30<\/strong> u no\u0107nom klubu hotela Olympia.\u00a0<\/p><p>Za nezaboravan party pripremili smo i odgovaraju\u0107e rekvizite pa sa sobom ponesite samo dobru volju.\u00a0<\/p>\t\t\t\t\t\t<\/div>\n\t\t\t\t<\/div>\n\t\t\t\t\t<\/div>\n\t\t<\/div>\n\t\t\t\t\t\t\t<\/div>\n\t\t<\/section>\n\t\t\t\t\t\t\t<\/div>\n\t\t","protected":false},"excerpt":{"rendered":"<p>Filmski kviz Poka\u017eite da ste pravi filmofil i oku\u0161ajte se u filmskom kvizu kojeg \u0107e voditi Jurica Hi\u017eak.&nbsp; Kviz \u0107e se odr\u017eati u utorak, 7. 11. s po\u010detkom u 21 sat u dvorani Artemida.&nbsp; Kako se prijaviti? Upi\u0161ite naziv svog tima (od 5 \u010dlanova\/ica) na listu koja \u0107e biti izvje\u0161ena na ulazu u dvoranu Artemida.&nbsp;&hellip; <a class=\"more-link\" href=\"https:\/\/thecuc.carnet.hr\/2023\/?page_id=1873\">Nastavi \u010ditati <span class=\"screen-reader-text\">Doga\u0111anja<\/span><\/a><\/p>\n","protected":false},"author":2,"featured_media":0,"parent":0,"menu_order":0,"comment_status":"closed","ping_status":"closed","template":"","meta":{"footnotes":""},"class_list":["post-1873","page","type-page","status-publish","hentry","entry"],"_links":{"self":[{"href":"https:\/\/thecuc.carnet.hr\/2023\/index.php?rest_route=\/wp\/v2\/pages\/1873","targetHints":{"allow":["GET"]}}],"collection":[{"href":"https:\/\/thecuc.carnet.hr\/2023\/index.php?rest_route=\/wp\/v2\/pages"}],"about":[{"href":"https:\/\/thecuc.carnet.hr\/2023\/index.php?rest_route=\/wp\/v2\/types\/page"}],"author":[{"embeddable":true,"href":"https:\/\/thecuc.carnet.hr\/2023\/index.php?rest_route=\/wp\/v2\/users\/2"}],"replies":[{"embeddable":true,"href":"https:\/\/thecuc.carnet.hr\/2023\/index.php?rest_route=%2Fwp%2Fv2%2Fcomments&post=1873"}],"version-history":[{"count":7,"href":"https:\/\/thecuc.carnet.hr\/2023\/index.php?rest_route=\/wp\/v2\/pages\/1873\/revisions"}],"predecessor-version":[{"id":1904,"href":"https:\/\/thecuc.carnet.hr\/2023\/index.php?rest_route=\/wp\/v2\/pages\/1873\/revisions\/1904"}],"wp:attachment":[{"href":"https:\/\/thecuc.carnet.hr\/2023\/index.php?rest_route=%2Fwp%2Fv2%2Fmedia&parent=1873"}],"curies":[{"name":"wp","href":"https:\/\/api.w.org\/{rel}","templated":true}]}}