{"id":1385,"date":"2023-10-23T12:41:43","date_gmt":"2023-10-23T10:41:43","guid":{"rendered":"https:\/\/thecuc.carnet.hr\/2023\/?page_id=1385"},"modified":"2023-10-23T13:16:38","modified_gmt":"2023-10-23T11:16:38","slug":"mjesto-odrzavanja","status":"publish","type":"page","link":"https:\/\/thecuc.carnet.hr\/2023\/?page_id=1385","title":{"rendered":"Mjesto odr\u017eavanja"},"content":{"rendered":"\t\t<div data-elementor-type=\"wp-page\" data-elementor-id=\"1385\" class=\"elementor elementor-1385\">\n\t\t\t\t\t\t\t\t\t<section class=\"elementor-section elementor-top-section elementor-element elementor-element-fca9662 elementor-section-boxed elementor-section-height-default elementor-section-height-default\" data-id=\"fca9662\" data-element_type=\"section\">\n\t\t\t\t\t\t<div class=\"elementor-container elementor-column-gap-default\">\n\t\t\t\t\t<div class=\"elementor-column elementor-col-100 elementor-top-column elementor-element elementor-element-5f700c2\" data-id=\"5f700c2\" data-element_type=\"column\">\n\t\t\t<div class=\"elementor-widget-wrap elementor-element-populated\">\n\t\t\t\t\t\t\t\t<div class=\"elementor-element elementor-element-e646589 elementor-widget elementor-widget-heading\" data-id=\"e646589\" data-element_type=\"widget\" data-widget_type=\"heading.default\">\n\t\t\t\t<div class=\"elementor-widget-container\">\n\t\t\t<style>\/*! elementor - v3.13.3 - 22-05-2023 *\/\n.elementor-heading-title{padding:0;margin:0;line-height:1}.elementor-widget-heading .elementor-heading-title[class*=elementor-size-]>a{color:inherit;font-size:inherit;line-height:inherit}.elementor-widget-heading .elementor-heading-title.elementor-size-small{font-size:15px}.elementor-widget-heading .elementor-heading-title.elementor-size-medium{font-size:19px}.elementor-widget-heading .elementor-heading-title.elementor-size-large{font-size:29px}.elementor-widget-heading .elementor-heading-title.elementor-size-xl{font-size:39px}.elementor-widget-heading .elementor-heading-title.elementor-size-xxl{font-size:59px}<\/style><h2 class=\"elementor-heading-title elementor-size-default\">OLYMPIA VODICE<\/h2>\t\t<\/div>\n\t\t\t\t<\/div>\n\t\t\t\t\t<\/div>\n\t\t<\/div>\n\t\t\t\t\t\t\t<\/div>\n\t\t<\/section>\n\t\t\t\t<section class=\"elementor-section elementor-top-section elementor-element elementor-element-1c591fa elementor-section-boxed elementor-section-height-default elementor-section-height-default\" data-id=\"1c591fa\" data-element_type=\"section\">\n\t\t\t\t\t\t<div class=\"elementor-container elementor-column-gap-default\">\n\t\t\t\t\t<div class=\"elementor-column elementor-col-100 elementor-top-column elementor-element elementor-element-626620c\" data-id=\"626620c\" data-element_type=\"column\">\n\t\t\t<div class=\"elementor-widget-wrap elementor-element-populated\">\n\t\t\t\t\t\t\t\t<div class=\"elementor-element elementor-element-c638650 elementor-widget elementor-widget-text-editor\" data-id=\"c638650\" data-element_type=\"widget\" data-widget_type=\"text-editor.default\">\n\t\t\t\t<div class=\"elementor-widget-container\">\n\t\t\t<style>\/*! elementor - v3.13.3 - 22-05-2023 *\/\n.elementor-widget-text-editor.elementor-drop-cap-view-stacked .elementor-drop-cap{background-color:#69727d;color:#fff}.elementor-widget-text-editor.elementor-drop-cap-view-framed .elementor-drop-cap{color:#69727d;border:3px solid;background-color:transparent}.elementor-widget-text-editor:not(.elementor-drop-cap-view-default) .elementor-drop-cap{margin-top:8px}.elementor-widget-text-editor:not(.elementor-drop-cap-view-default) .elementor-drop-cap-letter{width:1em;height:1em}.elementor-widget-text-editor .elementor-drop-cap{float:left;text-align:center;line-height:1;font-size:50px}.elementor-widget-text-editor .elementor-drop-cap-letter{display:inline-block}<\/style>\t\t\t\t<p>Kompleks hotela <a href=\"https:\/\/olympiavodice.hr\/hr\" target=\"_blank\" rel=\"noopener\">Olympia &amp; Olympia Sky<\/a> je smje\u0161ten 500 metara isto\u010dno od centra Vodica te 50 metara udaljen od mora, idealan je spoj tradicionalnog i modernog.&nbsp; P<span style=\"color: var( --e-global-color-text ); font-family: var( --e-global-typography-text-font-family ), Sans-serif; font-size: var( --e-global-typography-text-font-size ); font-weight: var( --e-global-typography-text-font-weight ); text-transform: var( --e-global-typography-text-text-transform ); background-color: var( --e-global-color-6fbcf51 );\">olo\u017eaj u samom centru Dalmacije pru\u017ea Vodicama odli\u010dnu prometnu povezanost \u2013 redovne linije povezuju otoke; udaljenost od grada \u0160ibenika je 10 km, a odli\u010dna cestovna povezanost omogu\u0107uje brzu vezu sa svim gradovima i turisti\u010dkim atrakcijama; najbli\u017ei je aerodrom svega sat vremena udaljen od centra Vodica, zra\u010dna luka Zadar (60 km) i zra\u010dna luka Split (70 km).&nbsp; <\/span>Plavo &#8211; zelena opredjeljenost hotela Olympia &amp; Olympia Sky ide ruku pod ruku s prirodnim okru\u017eenjem i klimatskim uvjetima Dalmacije. Mediteranska klima s velikim brojem sun\u010danih dana u godini omogu\u0107ava nezaboravan odmor i nesmetano obavljanje raznih aktivnosti.&nbsp;<\/p>\t\t\t\t\t\t<\/div>\n\t\t\t\t<\/div>\n\t\t\t\t\t<\/div>\n\t\t<\/div>\n\t\t\t\t\t\t\t<\/div>\n\t\t<\/section>\n\t\t\t\t<section class=\"elementor-section elementor-top-section elementor-element elementor-element-23fd3da elementor-section-boxed elementor-section-height-default elementor-section-height-default\" data-id=\"23fd3da\" data-element_type=\"section\">\n\t\t\t\t\t\t<div class=\"elementor-container elementor-column-gap-default\">\n\t\t\t\t\t<div class=\"elementor-column elementor-col-100 elementor-top-column elementor-element elementor-element-240851a\" data-id=\"240851a\" data-element_type=\"column\">\n\t\t\t<div class=\"elementor-widget-wrap elementor-element-populated\">\n\t\t\t\t\t\t\t\t<div class=\"elementor-element elementor-element-991fb16 elementor-widget elementor-widget-google_maps\" data-id=\"991fb16\" data-element_type=\"widget\" data-widget_type=\"google_maps.default\">\n\t\t\t\t<div class=\"elementor-widget-container\">\n\t\t\t<style>\/*! elementor - v3.13.3 - 22-05-2023 *\/\n.elementor-widget-google_maps .elementor-widget-container{overflow:hidden}.elementor-widget-google_maps .elementor-custom-embed{line-height:0}.elementor-widget-google_maps iframe{height:300px}<\/style>\t\t<div class=\"elementor-custom-embed\">\n\t\t\t<iframe loading=\"lazy\"\n\t\t\t\t\tsrc=\"https:\/\/maps.google.com\/maps?q=Hotel%20Olympia%2C%20vodice&#038;t=m&#038;z=15&#038;output=embed&#038;iwloc=near\"\n\t\t\t\t\ttitle=\"Hotel Olympia, vodice\"\n\t\t\t\t\taria-label=\"Hotel Olympia, vodice\"\n\t\t\t><\/iframe>\n\t\t<\/div>\n\t\t\t\t<\/div>\n\t\t\t\t<\/div>\n\t\t\t\t\t<\/div>\n\t\t<\/div>\n\t\t\t\t\t\t\t<\/div>\n\t\t<\/section>\n\t\t\t\t\t\t\t<\/div>\n\t\t","protected":false},"excerpt":{"rendered":"<p>OLYMPIA VODICE Kompleks hotela Olympia &amp; Olympia Sky je smje\u0161ten 500 metara isto\u010dno od centra Vodica te 50 metara udaljen od mora, idealan je spoj tradicionalnog i modernog.\u00a0 Polo\u017eaj u samom centru Dalmacije pru\u017ea Vodicama odli\u010dnu prometnu povezanost \u2013 redovne linije povezuju otoke; udaljenost od grada \u0160ibenika je 10 km, a odli\u010dna cestovna povezanost omogu\u0107uje&hellip; <a class=\"more-link\" href=\"https:\/\/thecuc.carnet.hr\/2023\/?page_id=1385\">Nastavi \u010ditati <span class=\"screen-reader-text\">Mjesto odr\u017eavanja<\/span><\/a><\/p>\n","protected":false},"author":2,"featured_media":0,"parent":0,"menu_order":0,"comment_status":"closed","ping_status":"closed","template":"","meta":{"footnotes":""},"class_list":["post-1385","page","type-page","status-publish","hentry","entry"],"_links":{"self":[{"href":"https:\/\/thecuc.carnet.hr\/2023\/index.php?rest_route=\/wp\/v2\/pages\/1385","targetHints":{"allow":["GET"]}}],"collection":[{"href":"https:\/\/thecuc.carnet.hr\/2023\/index.php?rest_route=\/wp\/v2\/pages"}],"about":[{"href":"https:\/\/thecuc.carnet.hr\/2023\/index.php?rest_route=\/wp\/v2\/types\/page"}],"author":[{"embeddable":true,"href":"https:\/\/thecuc.carnet.hr\/2023\/index.php?rest_route=\/wp\/v2\/users\/2"}],"replies":[{"embeddable":true,"href":"https:\/\/thecuc.carnet.hr\/2023\/index.php?rest_route=%2Fwp%2Fv2%2Fcomments&post=1385"}],"version-history":[{"count":5,"href":"https:\/\/thecuc.carnet.hr\/2023\/index.php?rest_route=\/wp\/v2\/pages\/1385\/revisions"}],"predecessor-version":[{"id":1392,"href":"https:\/\/thecuc.carnet.hr\/2023\/index.php?rest_route=\/wp\/v2\/pages\/1385\/revisions\/1392"}],"wp:attachment":[{"href":"https:\/\/thecuc.carnet.hr\/2023\/index.php?rest_route=%2Fwp%2Fv2%2Fmedia&parent=1385"}],"curies":[{"name":"wp","href":"https:\/\/api.w.org\/{rel}","templated":true}]}}