{"id":1334,"date":"2023-10-12T09:56:52","date_gmt":"2023-10-12T07:56:52","guid":{"rendered":"https:\/\/thecuc.carnet.hr\/2023\/?page_id=1334"},"modified":"2023-10-12T10:35:00","modified_gmt":"2023-10-12T08:35:00","slug":"organizacijski-odbor","status":"publish","type":"page","link":"https:\/\/thecuc.carnet.hr\/2023\/?page_id=1334","title":{"rendered":"Organizacijski odbor"},"content":{"rendered":"\t\t<div data-elementor-type=\"wp-page\" data-elementor-id=\"1334\" class=\"elementor elementor-1334\">\n\t\t\t\t\t\t\t\t\t<section class=\"elementor-section elementor-top-section elementor-element elementor-element-a600591 elementor-section-boxed elementor-section-height-default elementor-section-height-default\" data-id=\"a600591\" data-element_type=\"section\">\n\t\t\t\t\t\t<div class=\"elementor-container elementor-column-gap-default\">\n\t\t\t\t\t<div class=\"elementor-column elementor-col-100 elementor-top-column elementor-element elementor-element-f9abd78\" data-id=\"f9abd78\" data-element_type=\"column\">\n\t\t\t<div class=\"elementor-widget-wrap elementor-element-populated\">\n\t\t\t\t\t\t\t\t<div class=\"elementor-element elementor-element-1e0a233 elementor-widget__width-initial elementor-widget elementor-widget-text-editor\" data-id=\"1e0a233\" data-element_type=\"widget\" data-widget_type=\"text-editor.default\">\n\t\t\t\t<div class=\"elementor-widget-container\">\n\t\t\t<style>\/*! elementor - v3.13.3 - 22-05-2023 *\/\n.elementor-widget-text-editor.elementor-drop-cap-view-stacked .elementor-drop-cap{background-color:#69727d;color:#fff}.elementor-widget-text-editor.elementor-drop-cap-view-framed .elementor-drop-cap{color:#69727d;border:3px solid;background-color:transparent}.elementor-widget-text-editor:not(.elementor-drop-cap-view-default) .elementor-drop-cap{margin-top:8px}.elementor-widget-text-editor:not(.elementor-drop-cap-view-default) .elementor-drop-cap-letter{width:1em;height:1em}.elementor-widget-text-editor .elementor-drop-cap{float:left;text-align:center;line-height:1;font-size:50px}.elementor-widget-text-editor .elementor-drop-cap-letter{display:inline-block}<\/style>\t\t\t\t<p><strong>Producent:&nbsp;<\/strong><\/p>\n<p>Nino \u0106osi\u0107<\/p>\n<p><br><\/p>\n<p><\/p>\n<p><strong>Produkcijski tim:<\/strong><\/p>\n<p>Mateja Buri\u0161a<\/p>\n<p>Anja Korda<\/p>\n<p>Dragan Laki\u0107evi\u0107<\/p><p>Tomislav Neguli\u0107<\/p>\n<p>Maja Petrovi\u0107<\/p>\n<p>Ana Smoljo<\/p>\t\t\t\t\t\t<\/div>\n\t\t\t\t<\/div>\n\t\t\t\t\t<\/div>\n\t\t<\/div>\n\t\t\t\t\t\t\t<\/div>\n\t\t<\/section>\n\t\t\t\t\t\t\t<\/div>\n\t\t","protected":false},"excerpt":{"rendered":"<p>Producent:&nbsp; Nino \u0106osi\u0107 Produkcijski tim: Mateja Buri\u0161a Anja Korda Dragan Laki\u0107evi\u0107 Tomislav Neguli\u0107 Maja Petrovi\u0107 Ana Smoljo<\/p>\n","protected":false},"author":2,"featured_media":0,"parent":0,"menu_order":0,"comment_status":"closed","ping_status":"closed","template":"","meta":{"footnotes":""},"class_list":["post-1334","page","type-page","status-publish","hentry","entry"],"_links":{"self":[{"href":"https:\/\/thecuc.carnet.hr\/2023\/index.php?rest_route=\/wp\/v2\/pages\/1334","targetHints":{"allow":["GET"]}}],"collection":[{"href":"https:\/\/thecuc.carnet.hr\/2023\/index.php?rest_route=\/wp\/v2\/pages"}],"about":[{"href":"https:\/\/thecuc.carnet.hr\/2023\/index.php?rest_route=\/wp\/v2\/types\/page"}],"author":[{"embeddable":true,"href":"https:\/\/thecuc.carnet.hr\/2023\/index.php?rest_route=\/wp\/v2\/users\/2"}],"replies":[{"embeddable":true,"href":"https:\/\/thecuc.carnet.hr\/2023\/index.php?rest_route=%2Fwp%2Fv2%2Fcomments&post=1334"}],"version-history":[{"count":10,"href":"https:\/\/thecuc.carnet.hr\/2023\/index.php?rest_route=\/wp\/v2\/pages\/1334\/revisions"}],"predecessor-version":[{"id":1355,"href":"https:\/\/thecuc.carnet.hr\/2023\/index.php?rest_route=\/wp\/v2\/pages\/1334\/revisions\/1355"}],"wp:attachment":[{"href":"https:\/\/thecuc.carnet.hr\/2023\/index.php?rest_route=%2Fwp%2Fv2%2Fmedia&parent=1334"}],"curies":[{"name":"wp","href":"https:\/\/api.w.org\/{rel}","templated":true}]}}