{"id":1170,"date":"2023-09-13T09:37:31","date_gmt":"2023-09-13T07:37:31","guid":{"rendered":"https:\/\/thecuc.carnet.hr\/2023\/?page_id=1170"},"modified":"2023-10-23T11:48:01","modified_gmt":"2023-10-23T09:48:01","slug":"kotizacija","status":"publish","type":"page","link":"https:\/\/thecuc.carnet.hr\/2023\/?page_id=1170","title":{"rendered":"Kotizacija"},"content":{"rendered":"\t\t<div data-elementor-type=\"wp-page\" data-elementor-id=\"1170\" class=\"elementor elementor-1170\">\n\t\t\t\t\t\t\t\t\t<section class=\"elementor-section elementor-top-section elementor-element elementor-element-452246c elementor-section-boxed elementor-section-height-default elementor-section-height-default\" data-id=\"452246c\" data-element_type=\"section\">\n\t\t\t\t\t\t<div class=\"elementor-container elementor-column-gap-default\">\n\t\t\t\t\t<div class=\"elementor-column elementor-col-100 elementor-top-column elementor-element elementor-element-9226c95\" data-id=\"9226c95\" data-element_type=\"column\">\n\t\t\t<div class=\"elementor-widget-wrap elementor-element-populated\">\n\t\t\t\t\t\t\t\t<div class=\"elementor-element elementor-element-741a916 elementor-widget elementor-widget-text-editor\" data-id=\"741a916\" data-element_type=\"widget\" data-widget_type=\"text-editor.default\">\n\t\t\t\t<div class=\"elementor-widget-container\">\n\t\t\t<style>\/*! elementor - v3.13.3 - 22-05-2023 *\/\n.elementor-widget-text-editor.elementor-drop-cap-view-stacked .elementor-drop-cap{background-color:#69727d;color:#fff}.elementor-widget-text-editor.elementor-drop-cap-view-framed .elementor-drop-cap{color:#69727d;border:3px solid;background-color:transparent}.elementor-widget-text-editor:not(.elementor-drop-cap-view-default) .elementor-drop-cap{margin-top:8px}.elementor-widget-text-editor:not(.elementor-drop-cap-view-default) .elementor-drop-cap-letter{width:1em;height:1em}.elementor-widget-text-editor .elementor-drop-cap{float:left;text-align:center;line-height:1;font-size:50px}.elementor-widget-text-editor .elementor-drop-cap-letter{display:inline-block}<\/style>\t\t\t\t<p>Kotizacija za sve zaposlenike\/ice javnih visokih u\u010dili\u0161ta u Republici Hrvatskoj je bez naknade.<\/p><p>Kotizacija uklju\u010duje program konferencije i coffee break za sva tri dana konferencije.\u00a0<\/p><p>Kotizacija ne uklju\u010duje<b> <\/b>tro\u0161kove smje\u0161taja, prijevoza i obroka na konferenciji.<\/p>\t\t\t\t\t\t<\/div>\n\t\t\t\t<\/div>\n\t\t\t\t\t<\/div>\n\t\t<\/div>\n\t\t\t\t\t\t\t<\/div>\n\t\t<\/section>\n\t\t\t\t\t\t\t<\/div>\n\t\t","protected":false},"excerpt":{"rendered":"<p>Kotizacija za sve zaposlenike\/ice javnih visokih u\u010dili\u0161ta u Republici Hrvatskoj je bez naknade. Kotizacija uklju\u010duje program konferencije i coffee break za sva tri dana konferencije.\u00a0 Kotizacija ne uklju\u010duje tro\u0161kove smje\u0161taja, prijevoza i obroka na konferenciji.<\/p>\n","protected":false},"author":2,"featured_media":0,"parent":0,"menu_order":0,"comment_status":"closed","ping_status":"closed","template":"","meta":{"footnotes":""},"class_list":["post-1170","page","type-page","status-publish","hentry","entry"],"_links":{"self":[{"href":"https:\/\/thecuc.carnet.hr\/2023\/index.php?rest_route=\/wp\/v2\/pages\/1170","targetHints":{"allow":["GET"]}}],"collection":[{"href":"https:\/\/thecuc.carnet.hr\/2023\/index.php?rest_route=\/wp\/v2\/pages"}],"about":[{"href":"https:\/\/thecuc.carnet.hr\/2023\/index.php?rest_route=\/wp\/v2\/types\/page"}],"author":[{"embeddable":true,"href":"https:\/\/thecuc.carnet.hr\/2023\/index.php?rest_route=\/wp\/v2\/users\/2"}],"replies":[{"embeddable":true,"href":"https:\/\/thecuc.carnet.hr\/2023\/index.php?rest_route=%2Fwp%2Fv2%2Fcomments&post=1170"}],"version-history":[{"count":8,"href":"https:\/\/thecuc.carnet.hr\/2023\/index.php?rest_route=\/wp\/v2\/pages\/1170\/revisions"}],"predecessor-version":[{"id":1377,"href":"https:\/\/thecuc.carnet.hr\/2023\/index.php?rest_route=\/wp\/v2\/pages\/1170\/revisions\/1377"}],"wp:attachment":[{"href":"https:\/\/thecuc.carnet.hr\/2023\/index.php?rest_route=%2Fwp%2Fv2%2Fmedia&parent=1170"}],"curies":[{"name":"wp","href":"https:\/\/api.w.org\/{rel}","templated":true}]}}